{"id":1791,"date":"2023-09-14T15:15:03","date_gmt":"2023-09-14T13:15:03","guid":{"rendered":"https:\/\/millbio.sg\/?page_id=1791"},"modified":"2023-09-20T17:35:41","modified_gmt":"2023-09-20T15:35:41","slug":"nuestra-historia","status":"publish","type":"page","link":"https:\/\/millbio.us\/es\/nuestra-historia","title":{"rendered":"Nuestra historia"},"content":{"rendered":"<div data-elementor-type=\"wp-page\" data-elementor-id=\"1791\" class=\"elementor elementor-1791\" data-elementor-post-type=\"page\">\n\t\t\t\t\t\t<section class=\"elementor-section elementor-top-section elementor-element elementor-element-149c8f1 elementor-section-full_width elementor-section-height-min-height elementor-section-height-default elementor-section-items-middle\" data-id=\"149c8f1\" data-element_type=\"section\" data-e-type=\"section\" data-settings=\"{&quot;background_background&quot;:&quot;classic&quot;}\">\n\t\t\t\t\t\t<div class=\"elementor-container elementor-column-gap-default\">\n\t\t\t\t\t<div class=\"elementor-column elementor-col-100 elementor-top-column elementor-element elementor-element-c03f103\" data-id=\"c03f103\" data-element_type=\"column\" data-e-type=\"column\">\n\t\t\t<div class=\"elementor-widget-wrap elementor-element-populated\">\n\t\t\t\t\t\t<div class=\"elementor-element elementor-element-1fd3c79 elementor-invisible elementor-widget elementor-widget-text-editor\" data-id=\"1fd3c79\" data-element_type=\"widget\" data-e-type=\"widget\" data-settings=\"{&quot;_animation&quot;:&quot;fadeInRight&quot;}\" data-widget_type=\"text-editor.default\">\n\t\t\t\t<div class=\"elementor-widget-container\">\n\t\t\t\t\t\t\t\t\t<div class=\"inner\">\n<div style=\"font-size: 1.6em; line-height: 1.1em;\">NUESTRA HISTORIA<\/div>\n<p>\u00bfBusca una soluci\u00f3n a medida?<\/p><\/div>\t\t\t\t\t\t\t\t<\/div>\n\t\t\t\t<\/div>\n\t\t\t\t\t<\/div>\n\t\t<\/div>\n\t\t\t\t\t<\/div>\n\t\t<\/section>\n\t\t\t\t<section class=\"elementor-section elementor-top-section elementor-element elementor-element-90492fb elementor-section-boxed elementor-section-height-default elementor-section-height-default\" data-id=\"90492fb\" data-element_type=\"section\" data-e-type=\"section\">\n\t\t\t\t\t\t\t<div class=\"elementor-background-overlay\"><\/div>\n\t\t\t\t\t\t\t<div class=\"elementor-container elementor-column-gap-default\">\n\t\t\t\t\t<div class=\"elementor-column elementor-col-100 elementor-top-column elementor-element elementor-element-156845f\" data-id=\"156845f\" data-element_type=\"column\" data-e-type=\"column\">\n\t\t\t<div class=\"elementor-widget-wrap elementor-element-populated\">\n\t\t\t\t\t\t<div class=\"elementor-element elementor-element-4446cc6 elementor-blockquote--skin-clean elementor-blockquote--align-right elementor-invisible elementor-widget elementor-widget-blockquote\" data-id=\"4446cc6\" data-element_type=\"widget\" data-e-type=\"widget\" data-settings=\"{&quot;_animation&quot;:&quot;slideInRight&quot;}\" data-widget_type=\"blockquote.default\">\n\t\t\t\t<div class=\"elementor-widget-container\">\n\t\t\t\t\t\t\t<blockquote class=\"elementor-blockquote\">\n\t\t\t<p class=\"elementor-blockquote__content\">\n\t\t\t\tNuestro compromiso va m\u00e1s all\u00e1 de los ingredientes que producimos: nuestra rica historia de investigaci\u00f3n e innovaci\u00f3n genera nuestra inversi\u00f3n continua en colaboraciones con los clientes y en el desarrollo de soluciones personalizadas.\t\t\t<\/p>\n\t\t\t\t\t\t\t<div class=\"e-q-footer\">\n\t\t\t\t\t\t\t\t\t\t\t<cite class=\"elementor-blockquote__author\">~ Fundador \/ Alessandro Boggiani ~<\/cite>\n\t\t\t\t\t\t\t\t\t\t\t\t\t\t<\/div>\n\t\t\t\t\t<\/blockquote>\n\t\t\t\t\t\t<\/div>\n\t\t\t\t<\/div>\n\t\t\t\t\t<\/div>\n\t\t<\/div>\n\t\t\t\t\t<\/div>\n\t\t<\/section>\n\t\t\t\t<section class=\"elementor-section elementor-top-section elementor-element elementor-element-7af659a elementor-section-full_width elementor-section-height-min-height elementor-section-items-bottom elementor-section-content-bottom elementor-section-height-default\" data-id=\"7af659a\" data-element_type=\"section\" data-e-type=\"section\" data-settings=\"{&quot;background_background&quot;:&quot;classic&quot;}\">\n\t\t\t\t\t\t<div class=\"elementor-container elementor-column-gap-default\">\n\t\t\t\t\t<div class=\"elementor-column elementor-col-100 elementor-top-column elementor-element elementor-element-d142b88\" data-id=\"d142b88\" data-element_type=\"column\" data-e-type=\"column\">\n\t\t\t<div class=\"elementor-widget-wrap elementor-element-populated\">\n\t\t\t\t\t\t<div class=\"elementor-element elementor-element-9d4913e elementor-widget elementor-widget-text-editor\" data-id=\"9d4913e\" data-element_type=\"widget\" data-e-type=\"widget\" data-widget_type=\"text-editor.default\">\n\t\t\t\t<div class=\"elementor-widget-container\">\n\t\t\t\t\t\t\t\t\t<p>Hemos estado activos en la investigaci\u00f3n y el desarrollo de ingredientes innovadores en nuestra sede en Italia desde 1992.<\/p><p>Nuestro objetivo es combinar una larga historia de experiencia con las \u00faltimas innovaciones y tendencias para hacer realidad el futuro de los alimentos hoy y brindar a nuestros clientes la soluci\u00f3n perfecta para sus productos.<\/p>\t\t\t\t\t\t\t\t<\/div>\n\t\t\t\t<\/div>\n\t\t\t\t\t<\/div>\n\t\t<\/div>\n\t\t\t\t\t<\/div>\n\t\t<\/section>\n\t\t\t\t<section class=\"elementor-section elementor-top-section elementor-element elementor-element-e99dac6 elementor-section-full_width elementor-section-height-default elementor-section-height-default\" data-id=\"e99dac6\" data-element_type=\"section\" data-e-type=\"section\">\n\t\t\t\t\t\t\t<div class=\"elementor-background-overlay\"><\/div>\n\t\t\t\t\t\t\t<div class=\"elementor-container elementor-column-gap-default\">\n\t\t\t\t\t<div class=\"elementor-column elementor-col-100 elementor-top-column elementor-element elementor-element-fea924e\" data-id=\"fea924e\" data-element_type=\"column\" data-e-type=\"column\">\n\t\t\t<div class=\"elementor-widget-wrap elementor-element-populated\">\n\t\t\t\t\t\t<div class=\"elementor-element elementor-element-7b010d7 elementor-widget elementor-widget-image\" data-id=\"7b010d7\" data-element_type=\"widget\" data-e-type=\"widget\" data-widget_type=\"image.default\">\n\t\t\t\t<div class=\"elementor-widget-container\">\n\t\t\t\t\t\t\t\t\t\t\t\t\t\t\t<img fetchpriority=\"high\" decoding=\"async\" width=\"1920\" height=\"1080\" src=\"https:\/\/millbio.us\/wp-content\/uploads\/sites\/4\/2023\/09\/TIMELINE.png\" class=\"attachment-full size-full wp-image-1807\" alt=\"\" srcset=\"https:\/\/millbio.us\/wp-content\/uploads\/sites\/4\/2023\/09\/TIMELINE.png 1920w, https:\/\/millbio.us\/wp-content\/uploads\/sites\/4\/2023\/09\/TIMELINE-300x169.png 300w, https:\/\/millbio.us\/wp-content\/uploads\/sites\/4\/2023\/09\/TIMELINE-1024x576.png 1024w, https:\/\/millbio.us\/wp-content\/uploads\/sites\/4\/2023\/09\/TIMELINE-768x432.png 768w, https:\/\/millbio.us\/wp-content\/uploads\/sites\/4\/2023\/09\/TIMELINE-1536x864.png 1536w, https:\/\/millbio.us\/wp-content\/uploads\/sites\/4\/2023\/09\/TIMELINE-18x10.png 18w\" sizes=\"(max-width: 1920px) 100vw, 1920px\" \/>\t\t\t\t\t\t\t\t\t\t\t\t\t\t\t<\/div>\n\t\t\t\t<\/div>\n\t\t\t\t<div class=\"elementor-element elementor-element-1cc8095 elementor-widget elementor-widget-heading\" data-id=\"1cc8095\" data-element_type=\"widget\" data-e-type=\"widget\" data-widget_type=\"heading.default\">\n\t\t\t\t<div class=\"elementor-widget-container\">\n\t\t\t\t\t<h2 class=\"elementor-heading-title elementor-size-default\">El coraz\u00f3n natural de la calidad<\/h2>\t\t\t\t<\/div>\n\t\t\t\t<\/div>\n\t\t\t\t<div class=\"elementor-element elementor-element-4811ffb elementor-widget elementor-widget-text-editor\" data-id=\"4811ffb\" data-element_type=\"widget\" data-e-type=\"widget\" data-widget_type=\"text-editor.default\">\n\t\t\t\t<div class=\"elementor-widget-container\">\n\t\t\t\t\t\t\t\t\t<p>\u00a1Hemos elegido ser libres de E para permitir que nuestros clientes hagan lo mismo!<\/p>\t\t\t\t\t\t\t\t<\/div>\n\t\t\t\t<\/div>\n\t\t\t\t\t<\/div>\n\t\t<\/div>\n\t\t\t\t\t<\/div>\n\t\t<\/section>\n\t\t\t\t<section class=\"elementor-section elementor-top-section elementor-element elementor-element-942f06f elementor-section-full_width elementor-section-height-min-height elementor-section-height-default elementor-section-items-middle\" data-id=\"942f06f\" data-element_type=\"section\" data-e-type=\"section\" data-settings=\"{&quot;background_background&quot;:&quot;classic&quot;}\">\n\t\t\t\t\t\t<div class=\"elementor-container elementor-column-gap-no\">\n\t\t\t\t\t<div class=\"elementor-column elementor-col-50 elementor-top-column elementor-element elementor-element-f7dbd0e\" data-id=\"f7dbd0e\" data-element_type=\"column\" data-e-type=\"column\">\n\t\t\t<div class=\"elementor-widget-wrap elementor-element-populated\">\n\t\t\t\t\t\t<div class=\"elementor-element elementor-element-e631551 elementor-invisible elementor-widget elementor-widget-text-editor\" data-id=\"e631551\" data-element_type=\"widget\" data-e-type=\"widget\" data-settings=\"{&quot;_animation&quot;:&quot;slideInUp&quot;}\" data-widget_type=\"text-editor.default\">\n\t\t\t\t<div class=\"elementor-widget-container\">\n\t\t\t\t\t\t\t\t\t<p>Hoy en d\u00eda, cada vez m\u00e1s consumidores quieren productos naturales, con una creciente concienciaci\u00f3n sobre una nutrici\u00f3n limpia y sostenible.<\/p><p>Leer las etiquetas se ha vuelto m\u00e1s com\u00fan y los consumidores vigilan cada d\u00eda los ingredientes y sus fuentes: las etiquetas limpias influyen cada vez m\u00e1s en sus decisiones de compra.<\/p>\t\t\t\t\t\t\t\t<\/div>\n\t\t\t\t<\/div>\n\t\t\t\t\t<\/div>\n\t\t<\/div>\n\t\t\t\t<div class=\"elementor-column elementor-col-50 elementor-top-column elementor-element elementor-element-a4b2c7b\" data-id=\"a4b2c7b\" data-element_type=\"column\" data-e-type=\"column\">\n\t\t\t<div class=\"elementor-widget-wrap\">\n\t\t\t\t\t\t\t<\/div>\n\t\t<\/div>\n\t\t\t\t\t<\/div>\n\t\t<\/section>\n\t\t\t\t<section class=\"elementor-section elementor-top-section elementor-element elementor-element-0928d4c elementor-section-full_width elementor-section-height-min-height elementor-section-height-default elementor-section-items-middle\" data-id=\"0928d4c\" data-element_type=\"section\" data-e-type=\"section\" data-settings=\"{&quot;background_background&quot;:&quot;classic&quot;}\">\n\t\t\t\t\t\t<div class=\"elementor-container elementor-column-gap-no\">\n\t\t\t\t\t<div class=\"elementor-column elementor-col-50 elementor-top-column elementor-element elementor-element-46c9744\" data-id=\"46c9744\" data-element_type=\"column\" data-e-type=\"column\">\n\t\t\t<div class=\"elementor-widget-wrap\">\n\t\t\t\t\t\t\t<\/div>\n\t\t<\/div>\n\t\t\t\t<div class=\"elementor-column elementor-col-50 elementor-top-column elementor-element elementor-element-1ca35dd\" data-id=\"1ca35dd\" data-element_type=\"column\" data-e-type=\"column\">\n\t\t\t<div class=\"elementor-widget-wrap elementor-element-populated\">\n\t\t\t\t\t\t<div class=\"elementor-element elementor-element-2a0a20f elementor-invisible elementor-widget elementor-widget-text-editor\" data-id=\"2a0a20f\" data-element_type=\"widget\" data-e-type=\"widget\" data-settings=\"{&quot;_animation&quot;:&quot;slideInUp&quot;}\" data-widget_type=\"text-editor.default\">\n\t\t\t\t<div class=\"elementor-widget-container\">\n\t\t\t\t\t\t\t\t\t<p>Es por eso que hemos elegido ser E-free (etiqueta limpia, sin n\u00fameros E), lo que permite que todos nuestros clientes tambi\u00e9n lo sean.<\/p><p>Garantizar una etiqueta libre de largas listas de aditivos ofrece respuestas naturales a las necesidades de la panificaci\u00f3n industrial y satisface las necesidades de los consumidores y usuarios finales conscientes de la nutrici\u00f3n.<\/p><p>Las marcas y productos de etiqueta limpia son m\u00e1s atractivos, aumentando su ventaja competitiva en el mercado\u2026 \u00a1naturalmente!<\/p>\t\t\t\t\t\t\t\t<\/div>\n\t\t\t\t<\/div>\n\t\t\t\t\t<\/div>\n\t\t<\/div>\n\t\t\t\t\t<\/div>\n\t\t<\/section>\n\t\t\t\t<\/div>","protected":false},"excerpt":{"rendered":"<p>OUR HISTORY Looking for a tailor-made-solution? Our commitment goes beyond the ingredients we produce \u2013 our rich history of research and innovation breeds our continuous investment in customer collaborations and in the development of custom-made solutions. ~ Founder \/ Alessandro Boggiani ~ We&#8217;ve been active in the research and development of innovative ingredients at our [&hellip;]<\/p>\n","protected":false},"author":1,"featured_media":0,"parent":0,"menu_order":0,"comment_status":"closed","ping_status":"closed","template":"","meta":{"footnotes":""},"class_list":["post-1791","page","type-page","status-publish","hentry"],"yoast_head":"<!-- This site is optimized with the Yoast SEO plugin v27.3 - https:\/\/yoast.com\/product\/yoast-seo-wordpress\/ -->\n<title>Our History - Millbio US<\/title>\n<meta name=\"robots\" content=\"index, follow, max-snippet:-1, max-image-preview:large, max-video-preview:-1\" \/>\n<link rel=\"canonical\" href=\"https:\/\/millbio.us\/es\/nuestra-historia\" \/>\n<meta property=\"og:locale\" content=\"es_ES\" \/>\n<meta property=\"og:type\" content=\"article\" \/>\n<meta property=\"og:title\" content=\"Our History - Millbio US\" \/>\n<meta property=\"og:description\" content=\"OUR HISTORY Looking for a tailor-made-solution? Our commitment goes beyond the ingredients we produce \u2013 our rich history of research and innovation breeds our continuous investment in customer collaborations and in the development of custom-made solutions. ~ Founder \/ Alessandro Boggiani ~ We&#8217;ve been active in the research and development of innovative ingredients at our [&hellip;]\" \/>\n<meta property=\"og:url\" content=\"https:\/\/millbio.us\/es\/nuestra-historia\" \/>\n<meta property=\"og:site_name\" content=\"Millbio US\" \/>\n<meta property=\"article:modified_time\" content=\"2023-09-20T15:35:41+00:00\" \/>\n<meta property=\"og:image\" content=\"https:\/\/millbio.sg\/wp-content\/uploads\/sites\/4\/2023\/09\/TIMELINE.png\" \/>\n<meta name=\"twitter:card\" content=\"summary_large_image\" \/>\n<meta name=\"twitter:label1\" content=\"Tiempo de lectura\" \/>\n\t<meta name=\"twitter:data1\" content=\"2 minutos\" \/>\n<script type=\"application\/ld+json\" class=\"yoast-schema-graph\">{\"@context\":\"https:\\\/\\\/schema.org\",\"@graph\":[{\"@type\":\"WebPage\",\"@id\":\"https:\\\/\\\/millbio.us\\\/our-history\",\"url\":\"https:\\\/\\\/millbio.us\\\/our-history\",\"name\":\"Our History - Millbio US\",\"isPartOf\":{\"@id\":\"https:\\\/\\\/millbio.us\\\/en\\\/#website\"},\"primaryImageOfPage\":{\"@id\":\"https:\\\/\\\/millbio.us\\\/our-history#primaryimage\"},\"image\":{\"@id\":\"https:\\\/\\\/millbio.us\\\/our-history#primaryimage\"},\"thumbnailUrl\":\"https:\\\/\\\/millbio.sg\\\/wp-content\\\/uploads\\\/sites\\\/4\\\/2023\\\/09\\\/TIMELINE.png\",\"datePublished\":\"2023-09-14T13:15:03+00:00\",\"dateModified\":\"2023-09-20T15:35:41+00:00\",\"breadcrumb\":{\"@id\":\"https:\\\/\\\/millbio.us\\\/our-history#breadcrumb\"},\"inLanguage\":\"es\",\"potentialAction\":[{\"@type\":\"ReadAction\",\"target\":[\"https:\\\/\\\/millbio.us\\\/our-history\"]}]},{\"@type\":\"ImageObject\",\"inLanguage\":\"es\",\"@id\":\"https:\\\/\\\/millbio.us\\\/our-history#primaryimage\",\"url\":\"https:\\\/\\\/millbio.sg\\\/wp-content\\\/uploads\\\/sites\\\/4\\\/2023\\\/09\\\/TIMELINE.png\",\"contentUrl\":\"https:\\\/\\\/millbio.sg\\\/wp-content\\\/uploads\\\/sites\\\/4\\\/2023\\\/09\\\/TIMELINE.png\"},{\"@type\":\"BreadcrumbList\",\"@id\":\"https:\\\/\\\/millbio.us\\\/our-history#breadcrumb\",\"itemListElement\":[{\"@type\":\"ListItem\",\"position\":1,\"name\":\"Home\",\"item\":\"https:\\\/\\\/millbio.us\\\/\"},{\"@type\":\"ListItem\",\"position\":2,\"name\":\"Our History\"}]},{\"@type\":\"WebSite\",\"@id\":\"https:\\\/\\\/millbio.us\\\/en\\\/#website\",\"url\":\"https:\\\/\\\/millbio.us\\\/en\\\/\",\"name\":\"Millbio US\",\"description\":\"Natural solution for contemporary baking\",\"publisher\":{\"@id\":\"https:\\\/\\\/millbio.us\\\/en\\\/#organization\"},\"potentialAction\":[{\"@type\":\"SearchAction\",\"target\":{\"@type\":\"EntryPoint\",\"urlTemplate\":\"https:\\\/\\\/millbio.us\\\/en\\\/?s={search_term_string}\"},\"query-input\":{\"@type\":\"PropertyValueSpecification\",\"valueRequired\":true,\"valueName\":\"search_term_string\"}}],\"inLanguage\":\"es\"},{\"@type\":\"Organization\",\"@id\":\"https:\\\/\\\/millbio.us\\\/en\\\/#organization\",\"name\":\"Millbo srl\",\"url\":\"https:\\\/\\\/millbio.us\\\/en\\\/\",\"logo\":{\"@type\":\"ImageObject\",\"inLanguage\":\"es\",\"@id\":\"https:\\\/\\\/millbio.us\\\/en\\\/#\\\/schema\\\/logo\\\/image\\\/\",\"url\":\"https:\\\/\\\/millbio.sg\\\/wp-content\\\/uploads\\\/sites\\\/4\\\/2023\\\/05\\\/logo_millbo.png\",\"contentUrl\":\"https:\\\/\\\/millbio.sg\\\/wp-content\\\/uploads\\\/sites\\\/4\\\/2023\\\/05\\\/logo_millbo.png\",\"width\":310,\"height\":102,\"caption\":\"Millbo srl\"},\"image\":{\"@id\":\"https:\\\/\\\/millbio.us\\\/en\\\/#\\\/schema\\\/logo\\\/image\\\/\"},\"sameAs\":[\"https:\\\/\\\/www.instagram.com\\\/millbochannel\"]}]}<\/script>\n<!-- \/ Yoast SEO plugin. -->","yoast_head_json":{"title":"Nuestra Historia - Millbio ES","robots":{"index":"index","follow":"follow","max-snippet":"max-snippet:-1","max-image-preview":"max-image-preview:large","max-video-preview":"max-video-preview:-1"},"canonical":"https:\/\/millbio.us\/es\/nuestra-historia","og_locale":"es_ES","og_type":"article","og_title":"Our History - Millbio US","og_description":"OUR HISTORY Looking for a tailor-made-solution? Our commitment goes beyond the ingredients we produce \u2013 our rich history of research and innovation breeds our continuous investment in customer collaborations and in the development of custom-made solutions. ~ Founder \/ Alessandro Boggiani ~ We&#8217;ve been active in the research and development of innovative ingredients at our [&hellip;]","og_url":"https:\/\/millbio.us\/es\/nuestra-historia","og_site_name":"Millbio US","article_modified_time":"2023-09-20T15:35:41+00:00","og_image":[{"url":"https:\/\/millbio.sg\/wp-content\/uploads\/sites\/4\/2023\/09\/TIMELINE.png","type":"","width":"","height":""}],"twitter_card":"summary_large_image","twitter_misc":{"Tiempo de lectura":"2 minutos"},"schema":{"@context":"https:\/\/schema.org","@graph":[{"@type":"WebPage","@id":"https:\/\/millbio.us\/our-history","url":"https:\/\/millbio.us\/our-history","name":"Nuestra Historia - Millbio ES","isPartOf":{"@id":"https:\/\/millbio.us\/en\/#website"},"primaryImageOfPage":{"@id":"https:\/\/millbio.us\/our-history#primaryimage"},"image":{"@id":"https:\/\/millbio.us\/our-history#primaryimage"},"thumbnailUrl":"https:\/\/millbio.sg\/wp-content\/uploads\/sites\/4\/2023\/09\/TIMELINE.png","datePublished":"2023-09-14T13:15:03+00:00","dateModified":"2023-09-20T15:35:41+00:00","breadcrumb":{"@id":"https:\/\/millbio.us\/our-history#breadcrumb"},"inLanguage":"es","potentialAction":[{"@type":"ReadAction","target":["https:\/\/millbio.us\/our-history"]}]},{"@type":"ImageObject","inLanguage":"es","@id":"https:\/\/millbio.us\/our-history#primaryimage","url":"https:\/\/millbio.sg\/wp-content\/uploads\/sites\/4\/2023\/09\/TIMELINE.png","contentUrl":"https:\/\/millbio.sg\/wp-content\/uploads\/sites\/4\/2023\/09\/TIMELINE.png"},{"@type":"BreadcrumbList","@id":"https:\/\/millbio.us\/our-history#breadcrumb","itemListElement":[{"@type":"ListItem","position":1,"name":"Home","item":"https:\/\/millbio.us\/"},{"@type":"ListItem","position":2,"name":"Our History"}]},{"@type":"WebSite","@id":"https:\/\/millbio.us\/en\/#website","url":"https:\/\/millbio.us\/en\/","name":"Millbio Estados Unidos","description":"Soluci\u00f3n natural para la reposter\u00eda contempor\u00e1nea","publisher":{"@id":"https:\/\/millbio.us\/en\/#organization"},"potentialAction":[{"@type":"SearchAction","target":{"@type":"EntryPoint","urlTemplate":"https:\/\/millbio.us\/en\/?s={search_term_string}"},"query-input":{"@type":"PropertyValueSpecification","valueRequired":true,"valueName":"search_term_string"}}],"inLanguage":"es"},{"@type":"Organization","@id":"https:\/\/millbio.us\/en\/#organization","name":"millbo srl","url":"https:\/\/millbio.us\/en\/","logo":{"@type":"ImageObject","inLanguage":"es","@id":"https:\/\/millbio.us\/en\/#\/schema\/logo\/image\/","url":"https:\/\/millbio.sg\/wp-content\/uploads\/sites\/4\/2023\/05\/logo_millbo.png","contentUrl":"https:\/\/millbio.sg\/wp-content\/uploads\/sites\/4\/2023\/05\/logo_millbo.png","width":310,"height":102,"caption":"Millbo srl"},"image":{"@id":"https:\/\/millbio.us\/en\/#\/schema\/logo\/image\/"},"sameAs":["https:\/\/www.instagram.com\/millbochannel"]}]}},"_links":{"self":[{"href":"https:\/\/millbio.us\/es\/wp-json\/wp\/v2\/pages\/1791","targetHints":{"allow":["GET"]}}],"collection":[{"href":"https:\/\/millbio.us\/es\/wp-json\/wp\/v2\/pages"}],"about":[{"href":"https:\/\/millbio.us\/es\/wp-json\/wp\/v2\/types\/page"}],"author":[{"embeddable":true,"href":"https:\/\/millbio.us\/es\/wp-json\/wp\/v2\/users\/1"}],"replies":[{"embeddable":true,"href":"https:\/\/millbio.us\/es\/wp-json\/wp\/v2\/comments?post=1791"}],"version-history":[{"count":56,"href":"https:\/\/millbio.us\/es\/wp-json\/wp\/v2\/pages\/1791\/revisions"}],"predecessor-version":[{"id":2322,"href":"https:\/\/millbio.us\/es\/wp-json\/wp\/v2\/pages\/1791\/revisions\/2322"}],"wp:attachment":[{"href":"https:\/\/millbio.us\/es\/wp-json\/wp\/v2\/media?parent=1791"}],"curies":[{"name":"Gracias","href":"https:\/\/api.w.org\/{rel}","templated":true}]}}