{"id":1996,"date":"2023-09-18T12:16:44","date_gmt":"2023-09-18T10:16:44","guid":{"rendered":"https:\/\/millbio.sg\/?page_id=1996"},"modified":"2023-09-20T17:39:06","modified_gmt":"2023-09-20T15:39:06","slug":"investigacion-y-desarrollo","status":"publish","type":"page","link":"https:\/\/millbio.us\/es\/investigacion-y-desarrollo","title":{"rendered":"Investigaci\u00f3n y desarrollo"},"content":{"rendered":"<div data-elementor-type=\"wp-page\" data-elementor-id=\"1996\" class=\"elementor elementor-1996\" data-elementor-post-type=\"page\">\n\t\t\t\t\t\t<section class=\"elementor-section elementor-top-section elementor-element elementor-element-683ada0 elementor-section-full_width elementor-section-height-min-height elementor-section-items-bottom elementor-section-height-default\" data-id=\"683ada0\" data-element_type=\"section\" data-e-type=\"section\" data-settings=\"{&quot;background_background&quot;:&quot;classic&quot;}\">\n\t\t\t\t\t\t<div class=\"elementor-container elementor-column-gap-default\">\n\t\t\t\t\t<div class=\"elementor-column elementor-col-100 elementor-top-column elementor-element elementor-element-e112a2f\" data-id=\"e112a2f\" data-element_type=\"column\" data-e-type=\"column\">\n\t\t\t<div class=\"elementor-widget-wrap elementor-element-populated\">\n\t\t\t\t\t\t<div class=\"elementor-element elementor-element-6fbaaab elementor-invisible elementor-widget elementor-widget-text-editor\" data-id=\"6fbaaab\" data-element_type=\"widget\" data-e-type=\"widget\" data-settings=\"{&quot;_animation&quot;:&quot;fadeInLeft&quot;}\" data-widget_type=\"text-editor.default\">\n\t\t\t\t<div class=\"elementor-widget-container\">\n\t\t\t\t\t\t\t\t\t<div class=\"inner\"><h1 style=\"font-size: 1.6em; font-weight: 900; margin-bottom: 0;\">I+D<\/h1><p>Innovando en nuestro Laboratorio de Concientizaci\u00f3n sobre Panader\u00eda<\/p><\/div>\t\t\t\t\t\t\t\t<\/div>\n\t\t\t\t<\/div>\n\t\t\t\t\t<\/div>\n\t\t<\/div>\n\t\t\t\t\t<\/div>\n\t\t<\/section>\n\t\t\t\t<section class=\"elementor-section elementor-top-section elementor-element elementor-element-70cadc2 elementor-section-full_width elementor-section-height-min-height elementor-section-height-default elementor-section-items-middle\" data-id=\"70cadc2\" data-element_type=\"section\" data-e-type=\"section\" data-settings=\"{&quot;background_background&quot;:&quot;classic&quot;}\">\n\t\t\t\t\t\t<div class=\"elementor-container elementor-column-gap-default\">\n\t\t\t\t\t<div class=\"elementor-column elementor-col-100 elementor-top-column elementor-element elementor-element-1b511a5\" data-id=\"1b511a5\" data-element_type=\"column\" data-e-type=\"column\">\n\t\t\t<div class=\"elementor-widget-wrap elementor-element-populated\">\n\t\t\t\t\t\t<section class=\"elementor-section elementor-inner-section elementor-element elementor-element-22b3307 elementor-section-boxed elementor-section-height-default elementor-section-height-default\" data-id=\"22b3307\" data-element_type=\"section\" data-e-type=\"section\">\n\t\t\t\t\t\t<div class=\"elementor-container elementor-column-gap-default\">\n\t\t\t\t\t<div class=\"elementor-column elementor-col-100 elementor-inner-column elementor-element elementor-element-847e478\" data-id=\"847e478\" data-element_type=\"column\" data-e-type=\"column\">\n\t\t\t<div class=\"elementor-widget-wrap elementor-element-populated\">\n\t\t\t\t\t\t<div class=\"elementor-element elementor-element-89a808b elementor-widget elementor-widget-text-editor\" data-id=\"89a808b\" data-element_type=\"widget\" data-e-type=\"widget\" data-widget_type=\"text-editor.default\">\n\t\t\t\t<div class=\"elementor-widget-container\">\n\t\t\t\t\t\t\t\t\tEl arte de innovar es un proceso continuo y meticuloso que en realidad nunca termina. Para expandir la cultura panadera y alcanzar objetivos ambiciosos, asumir nuevos desaf\u00edos es fundamental. Nuestro Bakery Lab con sede en Italia, con nuestro equipo t\u00e9cnico experto interno, tiene una amplia experiencia en la creaci\u00f3n de soluciones innovadoras para clientes de todo el mundo.\t\t\t\t\t\t\t\t<\/div>\n\t\t\t\t<\/div>\n\t\t\t\t\t<\/div>\n\t\t<\/div>\n\t\t\t\t\t<\/div>\n\t\t<\/section>\n\t\t\t\t\t<\/div>\n\t\t<\/div>\n\t\t\t\t\t<\/div>\n\t\t<\/section>\n\t\t\t\t<section class=\"elementor-section elementor-top-section elementor-element elementor-element-6284563 elementor-section-full_width elementor-section-height-min-height elementor-section-height-default elementor-section-items-middle\" data-id=\"6284563\" data-element_type=\"section\" data-e-type=\"section\" data-settings=\"{&quot;background_background&quot;:&quot;classic&quot;}\">\n\t\t\t\t\t\t<div class=\"elementor-container elementor-column-gap-no\">\n\t\t\t\t\t<div class=\"elementor-column elementor-col-50 elementor-top-column elementor-element elementor-element-faef85c\" data-id=\"faef85c\" data-element_type=\"column\" data-e-type=\"column\">\n\t\t\t<div class=\"elementor-widget-wrap elementor-element-populated\">\n\t\t\t\t\t\t<div class=\"elementor-element elementor-element-206d50b elementor-widget elementor-widget-text-editor\" data-id=\"206d50b\" data-element_type=\"widget\" data-e-type=\"widget\" data-widget_type=\"text-editor.default\">\n\t\t\t\t<div class=\"elementor-widget-container\">\n\t\t\t\t\t\t\t\t\t<p>El arte de innovar es un proceso continuo y meticuloso que en realidad nunca termina.<\/p><p>Para expandir la cultura panadera y alcanzar objetivos ambiciosos, asumir nuevos desaf\u00edos es fundamental.<\/p><p>Nuestro Bakery Lab con sede en Italia, con nuestro equipo t\u00e9cnico experto interno, tiene una amplia experiencia en la creaci\u00f3n de soluciones innovadoras para clientes de todo el mundo.<\/p>\t\t\t\t\t\t\t\t<\/div>\n\t\t\t\t<\/div>\n\t\t\t\t\t<\/div>\n\t\t<\/div>\n\t\t\t\t<div class=\"elementor-column elementor-col-50 elementor-top-column elementor-element elementor-element-dba948d elementor-hidden-tablet elementor-hidden-mobile\" data-id=\"dba948d\" data-element_type=\"column\" data-e-type=\"column\" data-settings=\"{&quot;background_background&quot;:&quot;classic&quot;}\">\n\t\t\t<div class=\"elementor-widget-wrap\">\n\t\t\t\t\t\t\t<\/div>\n\t\t<\/div>\n\t\t\t\t\t<\/div>\n\t\t<\/section>\n\t\t\t\t<section class=\"elementor-section elementor-top-section elementor-element elementor-element-48d0fab elementor-section-full_width elementor-section-height-min-height elementor-section-height-default elementor-section-items-middle\" data-id=\"48d0fab\" data-element_type=\"section\" data-e-type=\"section\" data-settings=\"{&quot;background_background&quot;:&quot;classic&quot;}\">\n\t\t\t\t\t\t<div class=\"elementor-container elementor-column-gap-no\">\n\t\t\t\t\t<div class=\"elementor-column elementor-col-50 elementor-top-column elementor-element elementor-element-5031833 elementor-hidden-tablet elementor-hidden-mobile\" data-id=\"5031833\" data-element_type=\"column\" data-e-type=\"column\" data-settings=\"{&quot;background_background&quot;:&quot;classic&quot;}\">\n\t\t\t<div class=\"elementor-widget-wrap\">\n\t\t\t\t\t\t\t<\/div>\n\t\t<\/div>\n\t\t\t\t<div class=\"elementor-column elementor-col-50 elementor-top-column elementor-element elementor-element-9417401\" data-id=\"9417401\" data-element_type=\"column\" data-e-type=\"column\">\n\t\t\t<div class=\"elementor-widget-wrap elementor-element-populated\">\n\t\t\t\t\t\t<div class=\"elementor-element elementor-element-61d3db0 elementor-widget elementor-widget-text-editor\" data-id=\"61d3db0\" data-element_type=\"widget\" data-e-type=\"widget\" data-widget_type=\"text-editor.default\">\n\t\t\t\t<div class=\"elementor-widget-container\">\n\t\t\t\t\t\t\t\t\t<p>Colaboramos en proyectos de desarrollo de clientes mediante la colocaci\u00f3n de ingredientes de vanguardia impulsados por las tendencias.<\/p><p>Nuestro compromiso con la innovaci\u00f3n es lo que nos diferencia de nuestros competidores.<\/p><p>\u00a0<\/p><p><em><span lang=\"EN-US\">\u00a1Trabajemos juntos para desarrollar los mejores productos innovadores para llenar los vac\u00edos en su mercado!<\/span><\/em><\/p>\t\t\t\t\t\t\t\t<\/div>\n\t\t\t\t<\/div>\n\t\t\t\t\t<\/div>\n\t\t<\/div>\n\t\t\t\t\t<\/div>\n\t\t<\/section>\n\t\t\t\t<section class=\"elementor-section elementor-top-section elementor-element elementor-element-81a2ad6 elementor-section-full_width elementor-section-height-default elementor-section-height-default\" data-id=\"81a2ad6\" data-element_type=\"section\" data-e-type=\"section\" data-settings=\"{&quot;background_background&quot;:&quot;classic&quot;}\">\n\t\t\t\t\t\t<div class=\"elementor-container elementor-column-gap-default\">\n\t\t\t\t\t<div class=\"elementor-column elementor-col-100 elementor-top-column elementor-element elementor-element-9457d73\" data-id=\"9457d73\" data-element_type=\"column\" data-e-type=\"column\">\n\t\t\t<div class=\"elementor-widget-wrap elementor-element-populated\">\n\t\t\t\t\t\t<div class=\"elementor-element elementor-element-c6da07a elementor-widget elementor-widget-heading\" data-id=\"c6da07a\" data-element_type=\"widget\" data-e-type=\"widget\" data-widget_type=\"heading.default\">\n\t\t\t\t<div class=\"elementor-widget-container\">\n\t\t\t\t\t<h2 class=\"elementor-heading-title elementor-size-default\">\u00bfC\u00d3MO PODEMOS AYUDARLE A MEJORAR SUS PRODUCTOS? <\/h2>\t\t\t\t<\/div>\n\t\t\t\t<\/div>\n\t\t\t\t\t<\/div>\n\t\t<\/div>\n\t\t\t\t\t<\/div>\n\t\t<\/section>\n\t\t\t\t<section class=\"elementor-section elementor-top-section elementor-element elementor-element-6d752e6 elementor-section-boxed elementor-section-height-default elementor-section-height-default\" data-id=\"6d752e6\" data-element_type=\"section\" data-e-type=\"section\">\n\t\t\t\t\t\t<div class=\"elementor-container elementor-column-gap-default\">\n\t\t\t\t\t<div class=\"elementor-column elementor-col-100 elementor-top-column elementor-element elementor-element-7045f05\" data-id=\"7045f05\" data-element_type=\"column\" data-e-type=\"column\">\n\t\t\t<div class=\"elementor-widget-wrap elementor-element-populated\">\n\t\t\t\t\t\t<div class=\"elementor-element elementor-element-1c8de70 elementor-position-top elementor-widget elementor-widget-image-box\" data-id=\"1c8de70\" data-element_type=\"widget\" data-e-type=\"widget\" data-widget_type=\"image-box.default\">\n\t\t\t\t<div class=\"elementor-widget-container\">\n\t\t\t\t\t<div class=\"elementor-image-box-wrapper\"><figure class=\"elementor-image-box-img\"><a href=\"https:\/\/millbio.sg\/our-contacts\/\" tabindex=\"-1\"><img fetchpriority=\"high\" decoding=\"async\" width=\"500\" height=\"500\" src=\"https:\/\/millbio.us\/wp-content\/uploads\/sites\/4\/2023\/07\/PHONE_.png\" class=\"attachment-full size-full wp-image-874\" alt=\"\" srcset=\"https:\/\/millbio.us\/wp-content\/uploads\/sites\/4\/2023\/07\/PHONE_.png 500w, https:\/\/millbio.us\/wp-content\/uploads\/sites\/4\/2023\/07\/PHONE_-300x300.png 300w, https:\/\/millbio.us\/wp-content\/uploads\/sites\/4\/2023\/07\/PHONE_-150x150.png 150w, https:\/\/millbio.us\/wp-content\/uploads\/sites\/4\/2023\/07\/PHONE_-12x12.png 12w\" sizes=\"(max-width: 500px) 100vw, 500px\" \/><\/a><\/figure><div class=\"elementor-image-box-content\"><h3 class=\"elementor-image-box-title\"><a href=\"https:\/\/millbio.sg\/our-contacts\/\">Cont\u00e1ctenos<\/a><\/h3><\/div><\/div>\t\t\t\t<\/div>\n\t\t\t\t<\/div>\n\t\t\t\t\t<\/div>\n\t\t<\/div>\n\t\t\t\t\t<\/div>\n\t\t<\/section>\n\t\t\t\t<\/div>","protected":false},"excerpt":{"rendered":"<p>R&amp;D Innovating at our Bakery Awareness Lab The art of innovating is a meticulous ongoing process which never really ends. To expand the baking culture and achieve ambitious goals, taking on new challenges is essential. Our Italian-based Bakery Lab with our in-house expert technical team has extensive experience in creating innovative solutions for customers worldwide. [&hellip;]<\/p>\n","protected":false},"author":1,"featured_media":0,"parent":0,"menu_order":0,"comment_status":"closed","ping_status":"closed","template":"","meta":{"footnotes":""},"class_list":["post-1996","page","type-page","status-publish","hentry"],"yoast_head":"<!-- This site is optimized with the Yoast SEO plugin v27.3 - https:\/\/yoast.com\/product\/yoast-seo-wordpress\/ -->\n<title>Research &amp; Development - Millbio US<\/title>\n<meta name=\"robots\" content=\"index, follow, max-snippet:-1, max-image-preview:large, max-video-preview:-1\" \/>\n<link rel=\"canonical\" href=\"https:\/\/millbio.us\/es\/investigacion-y-desarrollo\" \/>\n<meta property=\"og:locale\" content=\"es_ES\" \/>\n<meta property=\"og:type\" content=\"article\" \/>\n<meta property=\"og:title\" content=\"Research &amp; Development - Millbio US\" \/>\n<meta property=\"og:description\" content=\"R&amp;D Innovating at our Bakery Awareness Lab The art of innovating is a meticulous ongoing process which never really ends. To expand the baking culture and achieve ambitious goals, taking on new challenges is essential. Our Italian-based Bakery Lab with our in-house expert technical team has extensive experience in creating innovative solutions for customers worldwide. [&hellip;]\" \/>\n<meta property=\"og:url\" content=\"https:\/\/millbio.us\/es\/investigacion-y-desarrollo\" \/>\n<meta property=\"og:site_name\" content=\"Millbio US\" \/>\n<meta property=\"article:modified_time\" content=\"2023-09-20T15:39:06+00:00\" \/>\n<meta property=\"og:image\" content=\"https:\/\/millbio.sg\/wp-content\/uploads\/sites\/4\/2023\/07\/PHONE_.png\" \/>\n<meta name=\"twitter:card\" content=\"summary_large_image\" \/>\n<meta name=\"twitter:label1\" content=\"Tiempo de lectura\" \/>\n\t<meta name=\"twitter:data1\" content=\"2 minutos\" \/>\n<script type=\"application\/ld+json\" class=\"yoast-schema-graph\">{\"@context\":\"https:\\\/\\\/schema.org\",\"@graph\":[{\"@type\":\"WebPage\",\"@id\":\"https:\\\/\\\/millbio.us\\\/research-development\",\"url\":\"https:\\\/\\\/millbio.us\\\/research-development\",\"name\":\"Research & Development - Millbio US\",\"isPartOf\":{\"@id\":\"https:\\\/\\\/millbio.us\\\/en\\\/#website\"},\"primaryImageOfPage\":{\"@id\":\"https:\\\/\\\/millbio.us\\\/research-development#primaryimage\"},\"image\":{\"@id\":\"https:\\\/\\\/millbio.us\\\/research-development#primaryimage\"},\"thumbnailUrl\":\"https:\\\/\\\/millbio.sg\\\/wp-content\\\/uploads\\\/sites\\\/4\\\/2023\\\/07\\\/PHONE_.png\",\"datePublished\":\"2023-09-18T10:16:44+00:00\",\"dateModified\":\"2023-09-20T15:39:06+00:00\",\"breadcrumb\":{\"@id\":\"https:\\\/\\\/millbio.us\\\/research-development#breadcrumb\"},\"inLanguage\":\"es\",\"potentialAction\":[{\"@type\":\"ReadAction\",\"target\":[\"https:\\\/\\\/millbio.us\\\/research-development\"]}]},{\"@type\":\"ImageObject\",\"inLanguage\":\"es\",\"@id\":\"https:\\\/\\\/millbio.us\\\/research-development#primaryimage\",\"url\":\"https:\\\/\\\/millbio.sg\\\/wp-content\\\/uploads\\\/sites\\\/4\\\/2023\\\/07\\\/PHONE_.png\",\"contentUrl\":\"https:\\\/\\\/millbio.sg\\\/wp-content\\\/uploads\\\/sites\\\/4\\\/2023\\\/07\\\/PHONE_.png\"},{\"@type\":\"BreadcrumbList\",\"@id\":\"https:\\\/\\\/millbio.us\\\/research-development#breadcrumb\",\"itemListElement\":[{\"@type\":\"ListItem\",\"position\":1,\"name\":\"Home\",\"item\":\"https:\\\/\\\/millbio.us\\\/en\\\/\"},{\"@type\":\"ListItem\",\"position\":2,\"name\":\"Research &#038; Development\"}]},{\"@type\":\"WebSite\",\"@id\":\"https:\\\/\\\/millbio.us\\\/en\\\/#website\",\"url\":\"https:\\\/\\\/millbio.us\\\/en\\\/\",\"name\":\"Millbio US\",\"description\":\"Natural solution for contemporary baking\",\"publisher\":{\"@id\":\"https:\\\/\\\/millbio.us\\\/en\\\/#organization\"},\"potentialAction\":[{\"@type\":\"SearchAction\",\"target\":{\"@type\":\"EntryPoint\",\"urlTemplate\":\"https:\\\/\\\/millbio.us\\\/en\\\/?s={search_term_string}\"},\"query-input\":{\"@type\":\"PropertyValueSpecification\",\"valueRequired\":true,\"valueName\":\"search_term_string\"}}],\"inLanguage\":\"es\"},{\"@type\":\"Organization\",\"@id\":\"https:\\\/\\\/millbio.us\\\/en\\\/#organization\",\"name\":\"Millbo srl\",\"url\":\"https:\\\/\\\/millbio.us\\\/en\\\/\",\"logo\":{\"@type\":\"ImageObject\",\"inLanguage\":\"es\",\"@id\":\"https:\\\/\\\/millbio.us\\\/en\\\/#\\\/schema\\\/logo\\\/image\\\/\",\"url\":\"https:\\\/\\\/millbio.sg\\\/wp-content\\\/uploads\\\/sites\\\/4\\\/2023\\\/05\\\/logo_millbo.png\",\"contentUrl\":\"https:\\\/\\\/millbio.sg\\\/wp-content\\\/uploads\\\/sites\\\/4\\\/2023\\\/05\\\/logo_millbo.png\",\"width\":310,\"height\":102,\"caption\":\"Millbo srl\"},\"image\":{\"@id\":\"https:\\\/\\\/millbio.us\\\/en\\\/#\\\/schema\\\/logo\\\/image\\\/\"},\"sameAs\":[\"https:\\\/\\\/www.instagram.com\\\/millbochannel\"]}]}<\/script>\n<!-- \/ Yoast SEO plugin. -->","yoast_head_json":{"title":"Investigaci\u00f3n y Desarrollo - Millbio US","robots":{"index":"index","follow":"follow","max-snippet":"max-snippet:-1","max-image-preview":"max-image-preview:large","max-video-preview":"max-video-preview:-1"},"canonical":"https:\/\/millbio.us\/es\/investigacion-y-desarrollo","og_locale":"es_ES","og_type":"article","og_title":"Research & Development - Millbio US","og_description":"R&amp;D Innovating at our Bakery Awareness Lab The art of innovating is a meticulous ongoing process which never really ends. To expand the baking culture and achieve ambitious goals, taking on new challenges is essential. Our Italian-based Bakery Lab with our in-house expert technical team has extensive experience in creating innovative solutions for customers worldwide. [&hellip;]","og_url":"https:\/\/millbio.us\/es\/investigacion-y-desarrollo","og_site_name":"Millbio US","article_modified_time":"2023-09-20T15:39:06+00:00","og_image":[{"url":"https:\/\/millbio.sg\/wp-content\/uploads\/sites\/4\/2023\/07\/PHONE_.png","type":"","width":"","height":""}],"twitter_card":"summary_large_image","twitter_misc":{"Tiempo de lectura":"2 minutos"},"schema":{"@context":"https:\/\/schema.org","@graph":[{"@type":"WebPage","@id":"https:\/\/millbio.us\/research-development","url":"https:\/\/millbio.us\/research-development","name":"Investigaci\u00f3n y Desarrollo - Millbio US","isPartOf":{"@id":"https:\/\/millbio.us\/en\/#website"},"primaryImageOfPage":{"@id":"https:\/\/millbio.us\/research-development#primaryimage"},"image":{"@id":"https:\/\/millbio.us\/research-development#primaryimage"},"thumbnailUrl":"https:\/\/millbio.sg\/wp-content\/uploads\/sites\/4\/2023\/07\/PHONE_.png","datePublished":"2023-09-18T10:16:44+00:00","dateModified":"2023-09-20T15:39:06+00:00","breadcrumb":{"@id":"https:\/\/millbio.us\/research-development#breadcrumb"},"inLanguage":"es","potentialAction":[{"@type":"ReadAction","target":["https:\/\/millbio.us\/research-development"]}]},{"@type":"ImageObject","inLanguage":"es","@id":"https:\/\/millbio.us\/research-development#primaryimage","url":"https:\/\/millbio.sg\/wp-content\/uploads\/sites\/4\/2023\/07\/PHONE_.png","contentUrl":"https:\/\/millbio.sg\/wp-content\/uploads\/sites\/4\/2023\/07\/PHONE_.png"},{"@type":"BreadcrumbList","@id":"https:\/\/millbio.us\/research-development#breadcrumb","itemListElement":[{"@type":"ListItem","position":1,"name":"Home","item":"https:\/\/millbio.us\/en\/"},{"@type":"ListItem","position":2,"name":"Research &#038; Development"}]},{"@type":"WebSite","@id":"https:\/\/millbio.us\/en\/#website","url":"https:\/\/millbio.us\/en\/","name":"Millbio Estados Unidos","description":"Soluci\u00f3n natural para la reposter\u00eda contempor\u00e1nea","publisher":{"@id":"https:\/\/millbio.us\/en\/#organization"},"potentialAction":[{"@type":"SearchAction","target":{"@type":"EntryPoint","urlTemplate":"https:\/\/millbio.us\/en\/?s={search_term_string}"},"query-input":{"@type":"PropertyValueSpecification","valueRequired":true,"valueName":"search_term_string"}}],"inLanguage":"es"},{"@type":"Organization","@id":"https:\/\/millbio.us\/en\/#organization","name":"millbo srl","url":"https:\/\/millbio.us\/en\/","logo":{"@type":"ImageObject","inLanguage":"es","@id":"https:\/\/millbio.us\/en\/#\/schema\/logo\/image\/","url":"https:\/\/millbio.sg\/wp-content\/uploads\/sites\/4\/2023\/05\/logo_millbo.png","contentUrl":"https:\/\/millbio.sg\/wp-content\/uploads\/sites\/4\/2023\/05\/logo_millbo.png","width":310,"height":102,"caption":"Millbo srl"},"image":{"@id":"https:\/\/millbio.us\/en\/#\/schema\/logo\/image\/"},"sameAs":["https:\/\/www.instagram.com\/millbochannel"]}]}},"_links":{"self":[{"href":"https:\/\/millbio.us\/es\/wp-json\/wp\/v2\/pages\/1996","targetHints":{"allow":["GET"]}}],"collection":[{"href":"https:\/\/millbio.us\/es\/wp-json\/wp\/v2\/pages"}],"about":[{"href":"https:\/\/millbio.us\/es\/wp-json\/wp\/v2\/types\/page"}],"author":[{"embeddable":true,"href":"https:\/\/millbio.us\/es\/wp-json\/wp\/v2\/users\/1"}],"replies":[{"embeddable":true,"href":"https:\/\/millbio.us\/es\/wp-json\/wp\/v2\/comments?post=1996"}],"version-history":[{"count":67,"href":"https:\/\/millbio.us\/es\/wp-json\/wp\/v2\/pages\/1996\/revisions"}],"predecessor-version":[{"id":2325,"href":"https:\/\/millbio.us\/es\/wp-json\/wp\/v2\/pages\/1996\/revisions\/2325"}],"wp:attachment":[{"href":"https:\/\/millbio.us\/es\/wp-json\/wp\/v2\/media?parent=1996"}],"curies":[{"name":"Gracias","href":"https:\/\/api.w.org\/{rel}","templated":true}]}}