{"id":2494,"date":"2023-10-10T15:07:57","date_gmt":"2023-10-10T13:07:57","guid":{"rendered":"https:\/\/millbio.sg\/?page_id=2494"},"modified":"2023-10-10T15:48:10","modified_gmt":"2023-10-10T13:48:10","slug":"politica-de-privacidad","status":"publish","type":"page","link":"https:\/\/millbio.us\/es\/politica-de-privacidad","title":{"rendered":"pol\u00edtica de privacidad"},"content":{"rendered":"<div data-elementor-type=\"wp-page\" data-elementor-id=\"2494\" class=\"elementor elementor-2494\" data-elementor-post-type=\"page\">\n\t\t\t\t\t\t<section class=\"elementor-section elementor-top-section elementor-element elementor-element-5069d6d3 elementor-section-boxed elementor-section-height-default elementor-section-height-default\" data-id=\"5069d6d3\" data-element_type=\"section\" data-e-type=\"section\">\n\t\t\t\t\t\t<div class=\"elementor-container elementor-column-gap-default\">\n\t\t\t\t\t<div class=\"elementor-column elementor-col-100 elementor-top-column elementor-element elementor-element-598cbf24\" data-id=\"598cbf24\" data-element_type=\"column\" data-e-type=\"column\">\n\t\t\t<div class=\"elementor-widget-wrap elementor-element-populated\">\n\t\t\t\t\t\t<div class=\"elementor-element elementor-element-fd7295a elementor-widget elementor-widget-heading\" data-id=\"fd7295a\" data-element_type=\"widget\" data-e-type=\"widget\" data-widget_type=\"heading.default\">\n\t\t\t\t<div class=\"elementor-widget-container\">\n\t\t\t\t\t<h2 class=\"elementor-heading-title elementor-size-default\">pol\u00edtica de privacidad<\/h2>\t\t\t\t<\/div>\n\t\t\t\t<\/div>\n\t\t\t\t<div class=\"elementor-element elementor-element-fbf2fa5 elementor-widget elementor-widget-text-editor\" data-id=\"fbf2fa5\" data-element_type=\"widget\" data-e-type=\"widget\" data-widget_type=\"text-editor.default\">\n\t\t\t\t<div class=\"elementor-widget-container\">\n\t\t\t\t\t\t\t\t\t<p><\/p>\n<p>La Societ\u00e0 MILLBO srl, en calidad de t\u00edtulo del tratamiento, fornisce di seguito tutte le informazioni previste dalla normativa vigente en materia de privacidad, ai sensi del Regolamento (UE) 2016\/679 (GDPR) e D.lgs. 196\/2003 y sonrisa<\/p>\n<p><\/p>\n<p><\/p>\n<p><\/p>\t\t\t\t\t\t\t\t<\/div>\n\t\t\t\t<\/div>\n\t\t\t\t<div class=\"elementor-element elementor-element-5b4412f elementor-widget elementor-widget-heading\" data-id=\"5b4412f\" data-element_type=\"widget\" data-e-type=\"widget\" data-widget_type=\"heading.default\">\n\t\t\t\t<div class=\"elementor-widget-container\">\n\t\t\t\t\t<h4 class=\"elementor-heading-title elementor-size-default\">Datos de contacto del DPO<\/h4>\t\t\t\t<\/div>\n\t\t\t\t<\/div>\n\t\t\t\t<div class=\"elementor-element elementor-element-d6c9d48 elementor-widget elementor-widget-text-editor\" data-id=\"d6c9d48\" data-element_type=\"widget\" data-e-type=\"widget\" data-widget_type=\"text-editor.default\">\n\t\t\t\t<div class=\"elementor-widget-container\">\n\t\t\t\t\t\t\t\t\t<p><\/p>\n<p><span style=\"color: var( --e-global-color-text ); font-family: var( --e-global-typography-text-font-family ), Sans-serif; font-weight: var( --e-global-typography-text-font-weight ); font-size: 1rem;\">El DPO de la sociedad MILLBO srl es el avv. Martina Marchetti reperibile ai seguenti contatti: tel. 371.4323752, correo electr\u00f3nico\u00a0<\/span><a style=\"font-family: var( --e-global-typography-text-font-family ), Sans-serif; font-weight: var( --e-global-typography-text-font-weight ); background-color: #ffffff; font-size: 1rem;\" href=\"mailto:marchetti@avvocatomartinamarchetti.it\">marchetti@avvocatomartinamarchetti.it<\/a><span style=\"color: var( --e-global-color-text ); font-family: var( --e-global-typography-text-font-family ), Sans-serif; font-weight: var( --e-global-typography-text-font-weight ); font-size: 1rem;\">, sitio web:\u00a0<\/span><a style=\"font-family: var( --e-global-typography-text-font-family ), Sans-serif; font-weight: var( --e-global-typography-text-font-weight ); background-color: #ffffff; font-size: 1rem;\" href=\"http:\/\/www.marchettilegalprivacy.it\/\">www.marchettilegalprivacy.it<\/a><\/p>\n<p><\/p>\n<p><\/p>\n<p><\/p>\t\t\t\t\t\t\t\t<\/div>\n\t\t\t\t<\/div>\n\t\t\t\t<div class=\"elementor-element elementor-element-edfc7cf elementor-widget elementor-widget-heading\" data-id=\"edfc7cf\" data-element_type=\"widget\" data-e-type=\"widget\" data-widget_type=\"heading.default\">\n\t\t\t\t<div class=\"elementor-widget-container\">\n\t\t\t\t\t<h4 class=\"elementor-heading-title elementor-size-default\">Informaci\u00f3n sobre el tratamiento de datos\n<\/h4>\t\t\t\t<\/div>\n\t\t\t\t<\/div>\n\t\t\t\t<div class=\"elementor-element elementor-element-742cb44 elementor-widget elementor-widget-text-editor\" data-id=\"742cb44\" data-element_type=\"widget\" data-e-type=\"widget\" data-widget_type=\"text-editor.default\">\n\t\t\t\t<div class=\"elementor-widget-container\">\n\t\t\t\t\t\t\t\t\t<p><span style=\"color: var( --e-global-color-text ); font-family: var( --e-global-typography-text-font-family ), Sans-serif; font-weight: var( --e-global-typography-text-font-weight ); font-size: 1rem;\">Con le seguenti Informativo rese ai sensi degli art. 13 y 14 del RGPD, la Societ\u00e0 MILLBO srl spiega\u00a0<\/span> <strong style=\"color: var( --e-global-color-text ); font-family: var( --e-global-typography-text-font-family ), Sans-serif; font-size: 1rem;\">como y donde<\/strong> <span style=\"color: var( --e-global-color-text ); font-family: var( --e-global-typography-text-font-family ), Sans-serif; font-weight: var( --e-global-typography-text-font-weight ); font-size: 1rem;\">\u00a0tratta i dati personali dei quali viene a conoscenza durante lo svolgimento delle proprie attivit\u00e0<\/span><\/p>\n<p><a href=\"https:\/\/millbo.com\/wp-content\/uploads\/sites\/2\/2023\/10\/informativa-videosorveglianza.pdf\">INFORMACI\u00d3N VIDEOSORVEGLIANZA<\/a><\/p>\n<p><a href=\"https:\/\/millbo.com\/wp-content\/uploads\/sites\/2\/2023\/10\/informativa-FORNITORI.pdf\">INFORMACI\u00d3N PARA NI\u00d1OS<\/a><\/p>\n<p><a href=\"https:\/\/millbo.com\/wp-content\/uploads\/sites\/2\/2023\/10\/informativa-dipendenti-rev.-2.pdf\">INFORM\u00c1TICA DIPENDIENTES<\/a><\/p>\n<p><a href=\"https:\/\/millbo.com\/wp-content\/uploads\/sites\/2\/2023\/10\/informativa-CLIENTI.pdf\">INFORMACI\u00d3N AL CLIENTE<\/a> | <a href=\"https:\/\/millbo.com\/wp-content\/uploads\/sites\/2\/2023\/10\/TREATMENT-OF-CUSTOMERS-PERSONAL-DATA.pdf\">INFORMACI\u00d3N CLIENTES ENG<\/a><\/p>\n<p><a href=\"https:\/\/millbo.com\/wp-content\/uploads\/sites\/2\/2023\/10\/informativa-ACCESSO-LOCALI-VISITATORI.pdf\">ACCESO INFORMATIVO LOCAL VISITATORI<\/a><\/p>\n<p><a href=\"https:\/\/millbo.com\/wp-content\/uploads\/sites\/2\/2023\/10\/Allegato-II-Codice-Etico-_MILLBO_10102022.pdf\">C\u00d3DIGO \u00c9TICO<\/a><\/p>\t\t\t\t\t\t\t\t<\/div>\n\t\t\t\t<\/div>\n\t\t\t\t<div class=\"elementor-element elementor-element-9287b95 elementor-widget elementor-widget-heading\" data-id=\"9287b95\" data-element_type=\"widget\" data-e-type=\"widget\" data-widget_type=\"heading.default\">\n\t\t\t\t<div class=\"elementor-widget-container\">\n\t\t\t\t\t<h4 class=\"elementor-heading-title elementor-size-default\">Modulo di segnalazione violazione dati (VIOLACI\u00d3N DE DATOS)\n<\/h4>\t\t\t\t<\/div>\n\t\t\t\t<\/div>\n\t\t\t\t<div class=\"elementor-element elementor-element-8908374 elementor-widget elementor-widget-text-editor\" data-id=\"8908374\" data-element_type=\"widget\" data-e-type=\"widget\" data-widget_type=\"text-editor.default\">\n\t\t\t\t<div class=\"elementor-widget-container\">\n\t\t\t\t\t\t\t\t\t<p><span style=\"color: var( --e-global-color-text ); font-family: var( --e-global-typography-text-font-family ), Sans-serif; font-weight: var( --e-global-typography-text-font-weight ); font-size: 1rem;\">Si \u00e8 venuti a conoscenza di un evento che ha comportato una lesione di dati personali (ad esempio, la reczione\/invio di un e-mail contenente informazioni personali riservate, indirizzata per errore ad otro destinatario oppure la perdita accidentale di dispositivi contenenti dati personali, o qualsiasi altra situazione di violazione di dati personali), si prega di comunicare il prima Possibile l&#039;accaduto alla Societ\u00e0, compilando el siguiente m\u00f3dulo e:<\/span><\/p>\n<ul>\n<li>Enviarlo a la direcci\u00f3n de correo electr\u00f3nico\u00a0 <a href=\"mailto:customercare@millbo.it\">customercare@millbo.it<\/a>\u00a0 opurificar<\/li>\n<li>consegnarlo presso gli Uffici dell&#039;amministrazione del Titolare.<\/li>\n<\/ul>\n<p>&nbsp;<\/p>\n<p><a href=\"https:\/\/millbo.com\/wp-content\/uploads\/sites\/2\/2023\/10\/MODULO-DI-SEGNALAZIONE-VIOLAZIONE-DI-DATI-PERSONALI.pdf\">M\u00d3DULO DE SE\u00d1ALACI\u00d3N DE VIOLACI\u00d3N DE DATOS PERSONALIZADOS<\/a><\/p>\t\t\t\t\t\t\t\t<\/div>\n\t\t\t\t<\/div>\n\t\t\t\t<div class=\"elementor-element elementor-element-c392430 elementor-widget elementor-widget-heading\" data-id=\"c392430\" data-element_type=\"widget\" data-e-type=\"widget\" data-widget_type=\"heading.default\">\n\t\t\t\t<div class=\"elementor-widget-container\">\n\t\t\t\t\t<h4 class=\"elementor-heading-title elementor-size-default\"><h4 style=\"font-family: Raleway, sans-serif\"><span style=\"font-weight: bolder\">Modulo di esercizio dei diritti privacidad<\/span><\/h4><\/h4>\t\t\t\t<\/div>\n\t\t\t\t<\/div>\n\t\t\t\t<div class=\"elementor-element elementor-element-aef92d9 elementor-widget elementor-widget-text-editor\" data-id=\"aef92d9\" data-element_type=\"widget\" data-e-type=\"widget\" data-widget_type=\"text-editor.default\">\n\t\t\t\t<div class=\"elementor-widget-container\">\n\t\t\t\t\t\t\t\t\t<p><span style=\"color: var( --e-global-color-text ); font-family: var( --e-global-typography-text-font-family ), Sans-serif; font-weight: var( --e-global-typography-text-font-weight ); font-size: 1rem;\">Qualora si voglia far valere i propri diritti in materia di privacidad (diritto di accesso, rettifica, cancellazione, limitazione, portabilit\u00e0, opposizione), \u00e8 possibile compilare il seguente modulo e:<\/span><\/p>\n<ul>\n\n\n<li>enviarlo a la direcci\u00f3n de correo electr\u00f3nico\u00a0<a href=\"mailto:customercare@millbo.it\">customercare@millbo.it<\/a>\u00a0opurificar<\/li>\n\n<li>consegnarlo presso gli Uffici dell&#039;amministrazione del Titolare<\/li>\n<\/ul>\n<p><a href=\"https:\/\/millbo.com\/wp-content\/uploads\/sites\/2\/2023\/10\/MODULO-ESERCIZIO-DI-DIRITTI-IN-MATERIA-DI-PROTEZIONE.pdf\">MODULO ESERCIZIO DIRITTI IN MATERIA DI PROTEZIONE<\/a><\/p>\t\t\t\t\t\t\t\t<\/div>\n\t\t\t\t<\/div>\n\t\t\t\t\t<\/div>\n\t\t<\/div>\n\t\t\t\t\t<\/div>\n\t\t<\/section>\n\t\t\t\t<\/div>","protected":false},"excerpt":{"rendered":"<p>Privacy Policy La Societ\u00e0 MILLBO s.r.l., in qualit\u00e0 di Titolare del trattamento, fornisce di seguito tutte le informazioni previste dalla normativa vigente in materia di privacy, ai sensi del Regolamento (UE) 2016\/679 (GDPR) e D.lgs. 196\/2003 e s.m.i Dati di contatto del DPO Il DPO della societ\u00e0 MILLBO s.r.l. \u00e8 l\u2019avv. Martina Marchetti reperibile ai [&hellip;]<\/p>\n","protected":false},"author":1,"featured_media":0,"parent":0,"menu_order":0,"comment_status":"closed","ping_status":"closed","template":"","meta":{"footnotes":""},"class_list":["post-2494","page","type-page","status-publish","hentry"],"yoast_head":"<!-- This site is optimized with the Yoast SEO plugin v27.3 - https:\/\/yoast.com\/product\/yoast-seo-wordpress\/ -->\n<title>Privacy Policy - Millbio US<\/title>\n<meta name=\"robots\" content=\"index, follow, max-snippet:-1, max-image-preview:large, max-video-preview:-1\" \/>\n<link rel=\"canonical\" href=\"https:\/\/millbio.us\/es\/politica-de-privacidad\" \/>\n<meta property=\"og:locale\" content=\"es_ES\" \/>\n<meta property=\"og:type\" content=\"article\" \/>\n<meta property=\"og:title\" content=\"Privacy Policy - Millbio US\" \/>\n<meta property=\"og:description\" content=\"Privacy Policy La Societ\u00e0 MILLBO s.r.l., in qualit\u00e0 di Titolare del trattamento, fornisce di seguito tutte le informazioni previste dalla normativa vigente in materia di privacy, ai sensi del Regolamento (UE) 2016\/679 (GDPR) e D.lgs. 196\/2003 e s.m.i Dati di contatto del DPO Il DPO della societ\u00e0 MILLBO s.r.l. \u00e8 l\u2019avv. Martina Marchetti reperibile ai [&hellip;]\" \/>\n<meta property=\"og:url\" content=\"https:\/\/millbio.us\/es\/politica-de-privacidad\" \/>\n<meta property=\"og:site_name\" content=\"Millbio US\" \/>\n<meta property=\"article:modified_time\" content=\"2023-10-10T13:48:10+00:00\" \/>\n<meta name=\"twitter:card\" content=\"summary_large_image\" \/>\n<meta name=\"twitter:label1\" content=\"Tiempo de lectura\" \/>\n\t<meta name=\"twitter:data1\" content=\"2 minutos\" \/>\n<script type=\"application\/ld+json\" class=\"yoast-schema-graph\">{\"@context\":\"https:\\\/\\\/schema.org\",\"@graph\":[{\"@type\":\"WebPage\",\"@id\":\"https:\\\/\\\/millbio.us\\\/privacy-policy\",\"url\":\"https:\\\/\\\/millbio.us\\\/privacy-policy\",\"name\":\"Privacy Policy - Millbio US\",\"isPartOf\":{\"@id\":\"https:\\\/\\\/millbio.us\\\/en\\\/#website\"},\"datePublished\":\"2023-10-10T13:07:57+00:00\",\"dateModified\":\"2023-10-10T13:48:10+00:00\",\"breadcrumb\":{\"@id\":\"https:\\\/\\\/millbio.us\\\/privacy-policy#breadcrumb\"},\"inLanguage\":\"es\",\"potentialAction\":[{\"@type\":\"ReadAction\",\"target\":[\"https:\\\/\\\/millbio.us\\\/privacy-policy\"]}]},{\"@type\":\"BreadcrumbList\",\"@id\":\"https:\\\/\\\/millbio.us\\\/privacy-policy#breadcrumb\",\"itemListElement\":[{\"@type\":\"ListItem\",\"position\":1,\"name\":\"Home\",\"item\":\"https:\\\/\\\/millbio.us\\\/en\\\/\"},{\"@type\":\"ListItem\",\"position\":2,\"name\":\"Privacy Policy\"}]},{\"@type\":\"WebSite\",\"@id\":\"https:\\\/\\\/millbio.us\\\/en\\\/#website\",\"url\":\"https:\\\/\\\/millbio.us\\\/en\\\/\",\"name\":\"Millbio US\",\"description\":\"Natural solution for contemporary baking\",\"publisher\":{\"@id\":\"https:\\\/\\\/millbio.us\\\/en\\\/#organization\"},\"potentialAction\":[{\"@type\":\"SearchAction\",\"target\":{\"@type\":\"EntryPoint\",\"urlTemplate\":\"https:\\\/\\\/millbio.us\\\/en\\\/?s={search_term_string}\"},\"query-input\":{\"@type\":\"PropertyValueSpecification\",\"valueRequired\":true,\"valueName\":\"search_term_string\"}}],\"inLanguage\":\"es\"},{\"@type\":\"Organization\",\"@id\":\"https:\\\/\\\/millbio.us\\\/en\\\/#organization\",\"name\":\"Millbo srl\",\"url\":\"https:\\\/\\\/millbio.us\\\/en\\\/\",\"logo\":{\"@type\":\"ImageObject\",\"inLanguage\":\"es\",\"@id\":\"https:\\\/\\\/millbio.us\\\/en\\\/#\\\/schema\\\/logo\\\/image\\\/\",\"url\":\"https:\\\/\\\/millbio.sg\\\/wp-content\\\/uploads\\\/sites\\\/4\\\/2023\\\/05\\\/logo_millbo.png\",\"contentUrl\":\"https:\\\/\\\/millbio.sg\\\/wp-content\\\/uploads\\\/sites\\\/4\\\/2023\\\/05\\\/logo_millbo.png\",\"width\":310,\"height\":102,\"caption\":\"Millbo srl\"},\"image\":{\"@id\":\"https:\\\/\\\/millbio.us\\\/en\\\/#\\\/schema\\\/logo\\\/image\\\/\"},\"sameAs\":[\"https:\\\/\\\/www.instagram.com\\\/millbochannel\"]}]}<\/script>\n<!-- \/ Yoast SEO plugin. -->","yoast_head_json":{"title":"Pol\u00edtica de privacidad - Millbio US","robots":{"index":"index","follow":"follow","max-snippet":"max-snippet:-1","max-image-preview":"max-image-preview:large","max-video-preview":"max-video-preview:-1"},"canonical":"https:\/\/millbio.us\/es\/politica-de-privacidad","og_locale":"es_ES","og_type":"article","og_title":"Privacy Policy - Millbio US","og_description":"Privacy Policy La Societ\u00e0 MILLBO s.r.l., in qualit\u00e0 di Titolare del trattamento, fornisce di seguito tutte le informazioni previste dalla normativa vigente in materia di privacy, ai sensi del Regolamento (UE) 2016\/679 (GDPR) e D.lgs. 196\/2003 e s.m.i Dati di contatto del DPO Il DPO della societ\u00e0 MILLBO s.r.l. \u00e8 l\u2019avv. Martina Marchetti reperibile ai [&hellip;]","og_url":"https:\/\/millbio.us\/es\/politica-de-privacidad","og_site_name":"Millbio US","article_modified_time":"2023-10-10T13:48:10+00:00","twitter_card":"summary_large_image","twitter_misc":{"Tiempo de lectura":"2 minutos"},"schema":{"@context":"https:\/\/schema.org","@graph":[{"@type":"WebPage","@id":"https:\/\/millbio.us\/privacy-policy","url":"https:\/\/millbio.us\/privacy-policy","name":"Pol\u00edtica de privacidad - Millbio US","isPartOf":{"@id":"https:\/\/millbio.us\/en\/#website"},"datePublished":"2023-10-10T13:07:57+00:00","dateModified":"2023-10-10T13:48:10+00:00","breadcrumb":{"@id":"https:\/\/millbio.us\/privacy-policy#breadcrumb"},"inLanguage":"es","potentialAction":[{"@type":"ReadAction","target":["https:\/\/millbio.us\/privacy-policy"]}]},{"@type":"BreadcrumbList","@id":"https:\/\/millbio.us\/privacy-policy#breadcrumb","itemListElement":[{"@type":"ListItem","position":1,"name":"Home","item":"https:\/\/millbio.us\/en\/"},{"@type":"ListItem","position":2,"name":"Privacy Policy"}]},{"@type":"WebSite","@id":"https:\/\/millbio.us\/en\/#website","url":"https:\/\/millbio.us\/en\/","name":"Millbio Estados Unidos","description":"Soluci\u00f3n natural para la reposter\u00eda contempor\u00e1nea","publisher":{"@id":"https:\/\/millbio.us\/en\/#organization"},"potentialAction":[{"@type":"SearchAction","target":{"@type":"EntryPoint","urlTemplate":"https:\/\/millbio.us\/en\/?s={search_term_string}"},"query-input":{"@type":"PropertyValueSpecification","valueRequired":true,"valueName":"search_term_string"}}],"inLanguage":"es"},{"@type":"Organization","@id":"https:\/\/millbio.us\/en\/#organization","name":"millbo srl","url":"https:\/\/millbio.us\/en\/","logo":{"@type":"ImageObject","inLanguage":"es","@id":"https:\/\/millbio.us\/en\/#\/schema\/logo\/image\/","url":"https:\/\/millbio.sg\/wp-content\/uploads\/sites\/4\/2023\/05\/logo_millbo.png","contentUrl":"https:\/\/millbio.sg\/wp-content\/uploads\/sites\/4\/2023\/05\/logo_millbo.png","width":310,"height":102,"caption":"Millbo srl"},"image":{"@id":"https:\/\/millbio.us\/en\/#\/schema\/logo\/image\/"},"sameAs":["https:\/\/www.instagram.com\/millbochannel"]}]}},"_links":{"self":[{"href":"https:\/\/millbio.us\/es\/wp-json\/wp\/v2\/pages\/2494","targetHints":{"allow":["GET"]}}],"collection":[{"href":"https:\/\/millbio.us\/es\/wp-json\/wp\/v2\/pages"}],"about":[{"href":"https:\/\/millbio.us\/es\/wp-json\/wp\/v2\/types\/page"}],"author":[{"embeddable":true,"href":"https:\/\/millbio.us\/es\/wp-json\/wp\/v2\/users\/1"}],"replies":[{"embeddable":true,"href":"https:\/\/millbio.us\/es\/wp-json\/wp\/v2\/comments?post=2494"}],"version-history":[{"count":28,"href":"https:\/\/millbio.us\/es\/wp-json\/wp\/v2\/pages\/2494\/revisions"}],"predecessor-version":[{"id":2552,"href":"https:\/\/millbio.us\/es\/wp-json\/wp\/v2\/pages\/2494\/revisions\/2552"}],"wp:attachment":[{"href":"https:\/\/millbio.us\/es\/wp-json\/wp\/v2\/media?parent=2494"}],"curies":[{"name":"Gracias","href":"https:\/\/api.w.org\/{rel}","templated":true}]}}