{"id":500,"date":"2023-06-30T09:33:42","date_gmt":"2023-06-30T07:33:42","guid":{"rendered":"https:\/\/millbio.sg\/?page_id=500"},"modified":"2024-10-29T14:22:07","modified_gmt":"2024-10-29T13:22:07","slug":"certificaciones","status":"publish","type":"page","link":"https:\/\/millbio.us\/es\/certificaciones","title":{"rendered":"Certificaciones"},"content":{"rendered":"<div data-elementor-type=\"wp-page\" data-elementor-id=\"500\" class=\"elementor elementor-500\" data-elementor-post-type=\"page\">\n\t\t\t\t\t\t<section class=\"elementor-section elementor-top-section elementor-element elementor-element-4c90af9c elementor-section-full_width elementor-section-height-min-height elementor-section-height-default elementor-section-items-middle\" data-id=\"4c90af9c\" data-element_type=\"section\" data-e-type=\"section\" data-settings=\"{&quot;background_background&quot;:&quot;classic&quot;}\">\n\t\t\t\t\t\t<div class=\"elementor-container elementor-column-gap-default\">\n\t\t\t\t\t<div class=\"elementor-column elementor-col-100 elementor-top-column elementor-element elementor-element-6400c8cb\" data-id=\"6400c8cb\" data-element_type=\"column\" data-e-type=\"column\">\n\t\t\t<div class=\"elementor-widget-wrap elementor-element-populated\">\n\t\t\t\t\t\t<section class=\"elementor-section elementor-inner-section elementor-element elementor-element-21e11a5 elementor-section-height-min-height elementor-section-boxed elementor-section-height-default\" data-id=\"21e11a5\" data-element_type=\"section\" data-e-type=\"section\">\n\t\t\t\t\t\t<div class=\"elementor-container elementor-column-gap-default\">\n\t\t\t\t\t<div class=\"elementor-column elementor-col-100 elementor-inner-column elementor-element elementor-element-8cc6050\" data-id=\"8cc6050\" data-element_type=\"column\" data-e-type=\"column\">\n\t\t\t<div class=\"elementor-widget-wrap elementor-element-populated\">\n\t\t\t\t\t\t<div class=\"elementor-element elementor-element-650c58b elementor-invisible elementor-widget elementor-widget-text-editor\" data-id=\"650c58b\" data-element_type=\"widget\" data-e-type=\"widget\" data-settings=\"{&quot;_animation&quot;:&quot;fadeInRight&quot;}\" data-widget_type=\"text-editor.default\">\n\t\t\t\t<div class=\"elementor-widget-container\">\n\t\t\t\t\t\t\t\t\t<div class=\"inner\">\n<h1 style=\"font-size: 1.6em; font-weight: 900; margin-bottom: 0;\">CERTIFICACIONES<\/h1>\nLa calidad es un valor para compartir.\n<\/div>\t\t\t\t\t\t\t\t<\/div>\n\t\t\t\t<\/div>\n\t\t\t\t\t<\/div>\n\t\t<\/div>\n\t\t\t\t\t<\/div>\n\t\t<\/section>\n\t\t\t\t<section class=\"elementor-section elementor-inner-section elementor-element elementor-element-b4b1624 elementor-section-height-min-height elementor-section-content-middle elementor-section-boxed elementor-section-height-default\" data-id=\"b4b1624\" data-element_type=\"section\" data-e-type=\"section\">\n\t\t\t\t\t\t<div class=\"elementor-container elementor-column-gap-default\">\n\t\t\t\t\t<div class=\"elementor-column elementor-col-50 elementor-inner-column elementor-element elementor-element-5442b66\" data-id=\"5442b66\" data-element_type=\"column\" data-e-type=\"column\">\n\t\t\t<div class=\"elementor-widget-wrap\">\n\t\t\t\t\t\t\t<\/div>\n\t\t<\/div>\n\t\t\t\t<div class=\"elementor-column elementor-col-50 elementor-inner-column elementor-element elementor-element-05e1e0f\" data-id=\"05e1e0f\" data-element_type=\"column\" data-e-type=\"column\">\n\t\t\t<div class=\"elementor-widget-wrap elementor-element-populated\">\n\t\t\t\t\t\t<div class=\"elementor-element elementor-element-a71cf4d elementor-widget elementor-widget-text-editor\" data-id=\"a71cf4d\" data-element_type=\"widget\" data-e-type=\"widget\" data-widget_type=\"text-editor.default\">\n\t\t\t\t<div class=\"elementor-widget-container\">\n\t\t\t\t\t\t\t\t\t<p>La calidad certificada de nuestras materias primas y de nuestros procesos productivos se sustenta en una investigaci\u00f3n constante, encaminada a lograr s\u00f3lo los mejores resultados. Para garantizar las soluciones perfectas para nuestros clientes, Millbo mantiene un enfoque constante en elevar nuestros est\u00e1ndares y, durante m\u00e1s de tres d\u00e9cadas, nunca hemos detenido en nuestra b\u00fasqueda de soluciones de horneado naturales.<\/p><p>Los resultados positivos de nuestro compromiso quedan demostrados por las m\u00faltiples certificaciones que hemos obtenido por la excelente calidad de nuestros ingredientes y el proceso mediante el cual los producimos.<\/p>\t\t\t\t\t\t\t\t<\/div>\n\t\t\t\t<\/div>\n\t\t\t\t\t<\/div>\n\t\t<\/div>\n\t\t\t\t\t<\/div>\n\t\t<\/section>\n\t\t\t\t\t<\/div>\n\t\t<\/div>\n\t\t\t\t\t<\/div>\n\t\t<\/section>\n\t\t\t\t<section class=\"elementor-section elementor-top-section elementor-element elementor-element-47c3dae elementor-section-full_width elementor-section-height-min-height elementor-section-height-default elementor-section-items-middle\" data-id=\"47c3dae\" data-element_type=\"section\" data-e-type=\"section\" data-settings=\"{&quot;background_background&quot;:&quot;classic&quot;}\">\n\t\t\t\t\t\t<div class=\"elementor-container elementor-column-gap-no\">\n\t\t\t\t\t<div class=\"elementor-column elementor-col-50 elementor-top-column elementor-element elementor-element-f6b9a95\" data-id=\"f6b9a95\" data-element_type=\"column\" data-e-type=\"column\">\n\t\t\t<div class=\"elementor-widget-wrap elementor-element-populated\">\n\t\t\t\t\t\t<div class=\"elementor-element elementor-element-17ea624 elementor-widget elementor-widget-text-editor\" data-id=\"17ea624\" data-element_type=\"widget\" data-e-type=\"widget\" data-widget_type=\"text-editor.default\">\n\t\t\t\t<div class=\"elementor-widget-container\">\n\t\t\t\t\t\t\t\t\t<p>Durante los \u00faltimos 30 a\u00f1os, nunca hemos dejado de buscar soluciones naturales para hornear.<\/p><p>El resultado de nuestro compromiso queda demostrado por las numerosas certificaciones obtenidas por la excelente calidad no s\u00f3lo de nuestros ingredientes sino tambi\u00e9n de nuestros procesos productivos.<\/p>\t\t\t\t\t\t\t\t<\/div>\n\t\t\t\t<\/div>\n\t\t\t\t\t<\/div>\n\t\t<\/div>\n\t\t\t\t<div class=\"elementor-column elementor-col-50 elementor-top-column elementor-element elementor-element-7fa4dd1\" data-id=\"7fa4dd1\" data-element_type=\"column\" data-e-type=\"column\" data-settings=\"{&quot;background_background&quot;:&quot;classic&quot;}\">\n\t\t\t<div class=\"elementor-widget-wrap\">\n\t\t\t\t\t\t\t<\/div>\n\t\t<\/div>\n\t\t\t\t\t<\/div>\n\t\t<\/section>\n\t\t\t\t<section class=\"elementor-section elementor-top-section elementor-element elementor-element-681c30f elementor-section-full_width elementor-section-height-min-height elementor-section-height-default elementor-section-items-middle\" data-id=\"681c30f\" data-element_type=\"section\" data-e-type=\"section\" data-settings=\"{&quot;background_background&quot;:&quot;classic&quot;}\">\n\t\t\t\t\t\t<div class=\"elementor-container elementor-column-gap-default\">\n\t\t\t\t\t<div class=\"elementor-column elementor-col-100 elementor-top-column elementor-element elementor-element-d18b6a4\" data-id=\"d18b6a4\" data-element_type=\"column\" data-e-type=\"column\">\n\t\t\t<div class=\"elementor-widget-wrap elementor-element-populated\">\n\t\t\t\t\t\t<div class=\"elementor-element elementor-element-05bce65 elementor-widget elementor-widget-heading\" data-id=\"05bce65\" data-element_type=\"widget\" data-e-type=\"widget\" data-widget_type=\"heading.default\">\n\t\t\t\t<div class=\"elementor-widget-container\">\n\t\t\t\t\t<h2 class=\"elementor-heading-title elementor-size-default\">La calidad es una <br>\nvalor <br>\nser  <br>\ncompartido<\/h2>\t\t\t\t<\/div>\n\t\t\t\t<\/div>\n\t\t\t\t\t<\/div>\n\t\t<\/div>\n\t\t\t\t\t<\/div>\n\t\t<\/section>\n\t\t\t\t<section class=\"elementor-section elementor-top-section elementor-element elementor-element-2faf955 elementor-section-full_width elementor-section-height-min-height elementor-section-height-default elementor-section-items-middle\" data-id=\"2faf955\" data-element_type=\"section\" data-e-type=\"section\">\n\t\t\t\t\t\t<div class=\"elementor-container elementor-column-gap-no\">\n\t\t\t\t\t<div class=\"elementor-column elementor-col-100 elementor-top-column elementor-element elementor-element-0702ff4\" data-id=\"0702ff4\" data-element_type=\"column\" data-e-type=\"column\">\n\t\t\t<div class=\"elementor-widget-wrap elementor-element-populated\">\n\t\t\t\t\t\t<div class=\"elementor-element elementor-element-508e226 elementor-widget elementor-widget-html\" data-id=\"508e226\" data-element_type=\"widget\" data-e-type=\"widget\" data-widget_type=\"html.default\">\n\t\t\t\t<div class=\"elementor-widget-container\">\n\t\t\t\t\t<div class=\"marquee\">\n    <div class=\"marquee__group\">\n      <span>Descargue nuestras certificaciones \u2022 <\/span>\n     <span>Descargue nuestras certificaciones \u2022 <\/span>\n     <span>Descargue nuestras certificaciones \u2022 <\/span>\n      \n    <\/div>\n  <div class=\"marquee__group\" aria-hidden=\"true\">\n      <span>Descargue nuestras certificaciones \u2022 <\/span>\n      <span>Descargue nuestras certificaciones \u2022 <\/span>\n      <span>Descargue nuestras certificaciones \u2022 <\/span>\n      \n    <\/div>\n<\/div>\n\t\t\t\t<\/div>\n\t\t\t\t<\/div>\n\t\t\t\t<div class=\"elementor-element elementor-element-9a513d9 elementor-arrows-position-inside elementor-widget elementor-widget-image-carousel\" data-id=\"9a513d9\" data-element_type=\"widget\" data-e-type=\"widget\" data-settings=\"{&quot;slides_to_show&quot;:&quot;4&quot;,&quot;slides_to_scroll&quot;:&quot;1&quot;,&quot;navigation&quot;:&quot;arrows&quot;,&quot;autoplay&quot;:&quot;no&quot;,&quot;infinite&quot;:&quot;yes&quot;,&quot;speed&quot;:500}\" data-widget_type=\"image-carousel.default\">\n\t\t\t\t<div class=\"elementor-widget-container\">\n\t\t\t\t\t\t\t<div class=\"elementor-image-carousel-wrapper swiper\" role=\"region\" aria-roledescription=\"carousel\" aria-label=\"Carrusel de im\u00e1genes\" dir=\"ltr\">\n\t\t\t<div class=\"elementor-image-carousel swiper-wrapper\" aria-live=\"polite\">\n\t\t\t\t\t\t\t\t<div class=\"swiper-slide\" role=\"group\" aria-roledescription=\"slide\" aria-label=\"1 de 8\"><figure class=\"swiper-slide-inner\"><img decoding=\"async\" class=\"swiper-slide-image\" src=\"https:\/\/millbio.us\/wp-content\/uploads\/sites\/4\/2023\/06\/logo-kosher-1.png\" alt=\"Certificaci\u00f3n KosherDescargar PDF\" \/><figcaption class=\"elementor-image-carousel-caption\"><h5>Certificaci\u00f3n Kosher<\/h5><a href=\"https:\/\/millbio.sg\/wp-content\/uploads\/sites\/4\/2023\/10\/Millbo-2024-Kosher.pdf\">Descargar PDF<\/a><\/figcaption><\/figure><\/div><div class=\"swiper-slide\" role=\"group\" aria-roledescription=\"slide\" aria-label=\"2 de 8\"><figure class=\"swiper-slide-inner\"><img decoding=\"async\" class=\"swiper-slide-image\" src=\"https:\/\/millbio.us\/wp-content\/uploads\/sites\/4\/2023\/06\/CCPB-1.png\" alt=\"Certificado Org\u00e1nicoDescargar PDFDescargar PDF\" \/><figcaption class=\"elementor-image-carousel-caption\"><h5>Certificado Org\u00e1nico<\/h5>\n<a href=\"https:\/\/millbio.sg\/wp-content\/uploads\/sites\/4\/2023\/09\/E621_ORGANIC.pdf\">Descargar PDF<\/a>\n<br \/>\n<a href=\"https:\/\/millbio.sg\/wp-content\/uploads\/sites\/4\/2023\/09\/DOCUMENTO-GIUSTIFICATIVO-ORGANIC.pdf\">Descargar PDF<\/a><\/figcaption><\/figure><\/div><div class=\"swiper-slide\" role=\"group\" aria-roledescription=\"slide\" aria-label=\"3 de 8\"><figure class=\"swiper-slide-inner\"><img decoding=\"async\" class=\"swiper-slide-image\" src=\"https:\/\/millbio.us\/wp-content\/uploads\/sites\/4\/2023\/06\/CQY_22.18_IT_RGB-1.png\" alt=\"UNI EN ISO 22000:2018Descargar PDF\" \/><figcaption class=\"elementor-image-carousel-caption\"><h5>UNI EN ISO 22000:2018<\/h5><a href=\"https:\/\/millbo.com\/wp-content\/uploads\/sites\/2\/2024\/10\/Millbo-Italy-UNI-EN-ISO-22000-2018.pdf\">Descargar PDF<\/a><\/figcaption><\/figure><\/div><div class=\"swiper-slide\" role=\"group\" aria-roledescription=\"slide\" aria-label=\"4 de 8\"><figure class=\"swiper-slide-inner\"><img decoding=\"async\" class=\"swiper-slide-image\" src=\"https:\/\/millbio.us\/wp-content\/uploads\/sites\/4\/2023\/06\/MILLBO-SRL-IT00332-1-1.png\" alt=\"HALALDescargar PDF (Pulsaci\u00f3n 1)Descargar PDF (Pulsaci\u00f3n 2)\" \/><figcaption class=\"elementor-image-carousel-caption\"><h5>halal<\/h5><a href=\"https:\/\/millbo.com\/wp-content\/uploads\/sites\/2\/2024\/04\/WHA%20-%20MILLBO%20%5BSTAB.1%5D%20-%20HALAL%20CERTIFICATE%20-%202024.pdf\">Descargar PDF (Pu\u00f1alada 1)<\/a>\n<br \/><br \/>\n<a href=\"https:\/\/millbo.com\/wp-content\/uploads\/sites\/2\/2024\/04\/WHA%20-%20MILLBO%20%5BSTAB.2%5D%20-%20HALAL%20CERTIFICATE%20-%202024.pdf\">Descargar PDF (Pu\u00f1alada2)<\/a><\/figcaption><\/figure><\/div><div class=\"swiper-slide\" role=\"group\" aria-roledescription=\"slide\" aria-label=\"5 de 8\"><figure class=\"swiper-slide-inner\"><img decoding=\"async\" class=\"swiper-slide-image\" src=\"https:\/\/millbio.us\/wp-content\/uploads\/sites\/4\/2023\/06\/FSSC_ITA_vert_RGB-1.png\" alt=\"Certificaci\u00f3n Sistema de Seguridad Alimentaria 22000Descargar PDF\" \/><figcaption class=\"elementor-image-carousel-caption\"><h5>Certificaci\u00f3n del Sistema de Seguridad Alimentaria 22000<\/h5><a href=\"https:\/\/millbio.sg\/wp-content\/uploads\/sites\/4\/2023\/09\/18441_FSSC-22000.pdf\">Descargar PDF<\/a><\/figcaption><\/figure><\/div><div class=\"swiper-slide\" role=\"group\" aria-roledescription=\"slide\" aria-label=\"6 de 8\"><figure class=\"swiper-slide-inner\"><img decoding=\"async\" class=\"swiper-slide-image\" src=\"https:\/\/millbio.us\/wp-content\/uploads\/sites\/4\/2023\/06\/loghi_cert_BRC-2-1.jpg\" alt=\"Certificaci\u00f3n BRCDescargar PDF\" \/><figcaption class=\"elementor-image-carousel-caption\"><h5>Certificaci\u00f3n BRC<\/h5><a href=\"https:\/\/millbio.sg\/wp-content\/uploads\/sites\/4\/2023\/09\/Certificate-BRC_P151_2022-Rev1.pdf\">Descargar PDF<\/a><\/figcaption><\/figure><\/div><div class=\"swiper-slide\" role=\"group\" aria-roledescription=\"slide\" aria-label=\"7 de 8\"><figure class=\"swiper-slide-inner\"><img decoding=\"async\" class=\"swiper-slide-image\" src=\"https:\/\/millbio.us\/wp-content\/uploads\/sites\/4\/2023\/09\/vegan-ok.png\" alt=\"Certificaci\u00f3n Vegan OKDescargar PDF\" \/><figcaption class=\"elementor-image-carousel-caption\"><h5>Certificaci\u00f3n Vegano OK<\/h5><a href=\"https:\/\/millbio.sg\/wp-content\/uploads\/sites\/4\/2023\/09\/Certificato-Millbo-srl.pdf\">Descargar PDF<\/a><\/figcaption><\/figure><\/div><div class=\"swiper-slide\" role=\"group\" aria-roledescription=\"slide\" aria-label=\"8 de 8\"><figure class=\"swiper-slide-inner\"><img decoding=\"async\" class=\"swiper-slide-image\" src=\"https:\/\/millbio.us\/wp-content\/uploads\/sites\/4\/2024\/04\/CQY_9.15_14.15_45.18_IT_RGB-1-1.png\" alt=\"UNI EN ISO 9001:2015Descargar PDFUNI EN ISO 14001-2015Descargar PDFUNI EN ISO 45001-2023Descargar PDF\" \/><figcaption class=\"elementor-image-carousel-caption\"><h5>UNE EN ISO 9001:2015<\/h5><a href=\"https:\/\/millbio.sg\/wp-content\/uploads\/sites\/4\/2023\/09\/iso9001.pdf\">Descargar PDF<\/a><h5>UNIEN ISO 14001-2015<\/h5><a href=\"https:\/\/millbo.com\/wp-content\/uploads\/sites\/2\/2024\/04\/12022_240403_UN.pdf\">Descargar PDF<\/a><h5>UNIEN ISO 45001-2023<\/h5><a href=\"https:\/\/millbo.com\/wp-content\/uploads\/sites\/2\/2024\/04\/UNI-EN-ISO-45001-2023.pdf\">Descargar PDF<\/a><\/figcaption><\/figure><\/div>\t\t\t<\/div>\n\t\t\t\t\t\t\t\t\t\t\t\t<div class=\"elementor-swiper-button elementor-swiper-button-prev\" role=\"button\" tabindex=\"0\">\n\t\t\t\t\t\t<svg xmlns=\"http:\/\/www.w3.org\/2000\/svg\" viewbox=\"0 0 130.17 130.17\"><defs><style>.b4jf6f,.g5g7gret{fill:none;stroke:#006467;stroke-miterlimit:10;}.b4jf6f{stroke-width:6px;}.g5g7gret{stroke-linecap:round;stroke-width:10px;}<\/style><\/defs><g id=\"Livello_2\" data-name=\"Livello 2\"><circle class=\"b4jf6f\" cx=\"65.08\" cy=\"65.08\" r=\"62.08\"><\/circle><path class=\"g5g7gret\" d=\"M129.71,58.94,96.41,90.87a9.2,9.2,0,0,0-.24,13l33.54,34.65\" transform=\"translate(-34.64 -34.01)\"><\/path><path class=\"g5g7gret\" d=\"M99.85,58.94,66.55,90.87a9.2,9.2,0,0,0-.23,13l33.53,34.65\" transform=\"translate(-34.64 -34.01)\"><\/path><\/g><\/svg>\t\t\t\t\t<\/div>\n\t\t\t\t\t<div class=\"elementor-swiper-button elementor-swiper-button-next\" role=\"button\" tabindex=\"0\">\n\t\t\t\t\t\t<svg xmlns=\"http:\/\/www.w3.org\/2000\/svg\" viewbox=\"0 0 130.17 130.17\"><defs><style>.a4f7gh5{fill:none;stroke:#006467;stroke-miterlimit:10;stroke-linecap:round;stroke-width:10px}<\/style><\/defs><g id=\"Livello_2\" data-name=\"Livello 2\"><circle cx=\"65.08\" cy=\"65.08\" r=\"62.08\" style=\"stroke-width:6px;fill:none;stroke:#006467;stroke-miterlimit:10\"><\/circle><path class=\"a4f7gh5\" d=\"m35.11 24.93 33.25 31.93a9.2 9.2 0 0 1 .24 13l-33.49 34.62\"><\/path><path class=\"a4f7gh5\" d=\"m64.96 24.93 33.3 31.93a9.2 9.2 0 0 1 .24 13l-33.54 34.62\"><\/path><\/g><\/svg>\t\t\t\t\t<\/div>\n\t\t\t\t\n\t\t\t\t\t\t\t\t\t<\/div>\n\t\t\t\t\t\t<\/div>\n\t\t\t\t<\/div>\n\t\t\t\t\t<\/div>\n\t\t<\/div>\n\t\t\t\t\t<\/div>\n\t\t<\/section>\n\t\t\t\t<\/div>","protected":false},"excerpt":{"rendered":"<p>CERTIFICATIONS Quality is a value to be shared The certified quality of our raw materials and our production processes is sustained by constant research, aimed at achieving only the best results. To guarantee the perfect solutions for our customers, Millbo keeps a constant focus on raising our standards, and for more than three decades, we [&hellip;]<\/p>\n","protected":false},"author":1,"featured_media":0,"parent":0,"menu_order":0,"comment_status":"closed","ping_status":"closed","template":"","meta":{"footnotes":""},"class_list":["post-500","page","type-page","status-publish","hentry"],"yoast_head":"<!-- This site is optimized with the Yoast SEO plugin v27.3 - https:\/\/yoast.com\/product\/yoast-seo-wordpress\/ -->\n<title>Certifications - Millbio US<\/title>\n<meta name=\"robots\" content=\"index, follow, max-snippet:-1, max-image-preview:large, max-video-preview:-1\" \/>\n<link rel=\"canonical\" href=\"https:\/\/millbio.us\/es\/certificaciones\" \/>\n<meta property=\"og:locale\" content=\"es_ES\" \/>\n<meta property=\"og:type\" content=\"article\" \/>\n<meta property=\"og:title\" content=\"Certifications - Millbio US\" \/>\n<meta property=\"og:description\" content=\"CERTIFICATIONS Quality is a value to be shared The certified quality of our raw materials and our production processes is sustained by constant research, aimed at achieving only the best results. To guarantee the perfect solutions for our customers, Millbo keeps a constant focus on raising our standards, and for more than three decades, we [&hellip;]\" \/>\n<meta property=\"og:url\" content=\"https:\/\/millbio.us\/es\/certificaciones\" \/>\n<meta property=\"og:site_name\" content=\"Millbio US\" \/>\n<meta property=\"article:modified_time\" content=\"2024-10-29T13:22:07+00:00\" \/>\n<meta property=\"og:image\" content=\"https:\/\/millbio.us\/wp-content\/uploads\/sites\/4\/2023\/06\/logo-kosher-1.png\" \/>\n<meta name=\"twitter:card\" content=\"summary_large_image\" \/>\n<meta name=\"twitter:label1\" content=\"Tiempo de lectura\" \/>\n\t<meta name=\"twitter:data1\" content=\"5 minutos\" \/>\n<script type=\"application\/ld+json\" class=\"yoast-schema-graph\">{\"@context\":\"https:\\\/\\\/schema.org\",\"@graph\":[{\"@type\":\"WebPage\",\"@id\":\"https:\\\/\\\/millbio.us\\\/certifications\",\"url\":\"https:\\\/\\\/millbio.us\\\/certifications\",\"name\":\"Certifications - Millbio US\",\"isPartOf\":{\"@id\":\"https:\\\/\\\/millbio.us\\\/en\\\/#website\"},\"primaryImageOfPage\":{\"@id\":\"https:\\\/\\\/millbio.us\\\/certifications#primaryimage\"},\"image\":{\"@id\":\"https:\\\/\\\/millbio.us\\\/certifications#primaryimage\"},\"thumbnailUrl\":\"https:\\\/\\\/millbio.us\\\/wp-content\\\/uploads\\\/sites\\\/4\\\/2023\\\/06\\\/logo-kosher-1.png\",\"datePublished\":\"2023-06-30T07:33:42+00:00\",\"dateModified\":\"2024-10-29T13:22:07+00:00\",\"breadcrumb\":{\"@id\":\"https:\\\/\\\/millbio.us\\\/certifications#breadcrumb\"},\"inLanguage\":\"es\",\"potentialAction\":[{\"@type\":\"ReadAction\",\"target\":[\"https:\\\/\\\/millbio.us\\\/certifications\"]}]},{\"@type\":\"ImageObject\",\"inLanguage\":\"es\",\"@id\":\"https:\\\/\\\/millbio.us\\\/certifications#primaryimage\",\"url\":\"https:\\\/\\\/millbio.us\\\/wp-content\\\/uploads\\\/sites\\\/4\\\/2023\\\/06\\\/logo-kosher-1.png\",\"contentUrl\":\"https:\\\/\\\/millbio.us\\\/wp-content\\\/uploads\\\/sites\\\/4\\\/2023\\\/06\\\/logo-kosher-1.png\"},{\"@type\":\"BreadcrumbList\",\"@id\":\"https:\\\/\\\/millbio.us\\\/certifications#breadcrumb\",\"itemListElement\":[{\"@type\":\"ListItem\",\"position\":1,\"name\":\"Home\",\"item\":\"https:\\\/\\\/millbio.us\\\/en\\\/\"},{\"@type\":\"ListItem\",\"position\":2,\"name\":\"Certifications\"}]},{\"@type\":\"WebSite\",\"@id\":\"https:\\\/\\\/millbio.us\\\/en\\\/#website\",\"url\":\"https:\\\/\\\/millbio.us\\\/en\\\/\",\"name\":\"Millbio US\",\"description\":\"Natural solution for contemporary baking\",\"publisher\":{\"@id\":\"https:\\\/\\\/millbio.us\\\/en\\\/#organization\"},\"potentialAction\":[{\"@type\":\"SearchAction\",\"target\":{\"@type\":\"EntryPoint\",\"urlTemplate\":\"https:\\\/\\\/millbio.us\\\/en\\\/?s={search_term_string}\"},\"query-input\":{\"@type\":\"PropertyValueSpecification\",\"valueRequired\":true,\"valueName\":\"search_term_string\"}}],\"inLanguage\":\"es\"},{\"@type\":\"Organization\",\"@id\":\"https:\\\/\\\/millbio.us\\\/en\\\/#organization\",\"name\":\"Millbo srl\",\"url\":\"https:\\\/\\\/millbio.us\\\/en\\\/\",\"logo\":{\"@type\":\"ImageObject\",\"inLanguage\":\"es\",\"@id\":\"https:\\\/\\\/millbio.us\\\/en\\\/#\\\/schema\\\/logo\\\/image\\\/\",\"url\":\"https:\\\/\\\/millbio.sg\\\/wp-content\\\/uploads\\\/sites\\\/4\\\/2023\\\/05\\\/logo_millbo.png\",\"contentUrl\":\"https:\\\/\\\/millbio.sg\\\/wp-content\\\/uploads\\\/sites\\\/4\\\/2023\\\/05\\\/logo_millbo.png\",\"width\":310,\"height\":102,\"caption\":\"Millbo srl\"},\"image\":{\"@id\":\"https:\\\/\\\/millbio.us\\\/en\\\/#\\\/schema\\\/logo\\\/image\\\/\"},\"sameAs\":[\"https:\\\/\\\/www.instagram.com\\\/millbochannel\"]}]}<\/script>\n<!-- \/ Yoast SEO plugin. -->","yoast_head_json":{"title":"Certificaciones - Millbio ES","robots":{"index":"index","follow":"follow","max-snippet":"max-snippet:-1","max-image-preview":"max-image-preview:large","max-video-preview":"max-video-preview:-1"},"canonical":"https:\/\/millbio.us\/es\/certificaciones","og_locale":"es_ES","og_type":"article","og_title":"Certifications - Millbio US","og_description":"CERTIFICATIONS Quality is a value to be shared The certified quality of our raw materials and our production processes is sustained by constant research, aimed at achieving only the best results. To guarantee the perfect solutions for our customers, Millbo keeps a constant focus on raising our standards, and for more than three decades, we [&hellip;]","og_url":"https:\/\/millbio.us\/es\/certificaciones","og_site_name":"Millbio US","article_modified_time":"2024-10-29T13:22:07+00:00","og_image":[{"url":"https:\/\/millbio.us\/wp-content\/uploads\/sites\/4\/2023\/06\/logo-kosher-1.png","type":"","width":"","height":""}],"twitter_card":"summary_large_image","twitter_misc":{"Tiempo de lectura":"5 minutos"},"schema":{"@context":"https:\/\/schema.org","@graph":[{"@type":"WebPage","@id":"https:\/\/millbio.us\/certifications","url":"https:\/\/millbio.us\/certifications","name":"Certificaciones - Millbio ES","isPartOf":{"@id":"https:\/\/millbio.us\/en\/#website"},"primaryImageOfPage":{"@id":"https:\/\/millbio.us\/certifications#primaryimage"},"image":{"@id":"https:\/\/millbio.us\/certifications#primaryimage"},"thumbnailUrl":"https:\/\/millbio.us\/wp-content\/uploads\/sites\/4\/2023\/06\/logo-kosher-1.png","datePublished":"2023-06-30T07:33:42+00:00","dateModified":"2024-10-29T13:22:07+00:00","breadcrumb":{"@id":"https:\/\/millbio.us\/certifications#breadcrumb"},"inLanguage":"es","potentialAction":[{"@type":"ReadAction","target":["https:\/\/millbio.us\/certifications"]}]},{"@type":"ImageObject","inLanguage":"es","@id":"https:\/\/millbio.us\/certifications#primaryimage","url":"https:\/\/millbio.us\/wp-content\/uploads\/sites\/4\/2023\/06\/logo-kosher-1.png","contentUrl":"https:\/\/millbio.us\/wp-content\/uploads\/sites\/4\/2023\/06\/logo-kosher-1.png"},{"@type":"BreadcrumbList","@id":"https:\/\/millbio.us\/certifications#breadcrumb","itemListElement":[{"@type":"ListItem","position":1,"name":"Home","item":"https:\/\/millbio.us\/en\/"},{"@type":"ListItem","position":2,"name":"Certifications"}]},{"@type":"WebSite","@id":"https:\/\/millbio.us\/en\/#website","url":"https:\/\/millbio.us\/en\/","name":"Millbio Estados Unidos","description":"Soluci\u00f3n natural para la reposter\u00eda contempor\u00e1nea","publisher":{"@id":"https:\/\/millbio.us\/en\/#organization"},"potentialAction":[{"@type":"SearchAction","target":{"@type":"EntryPoint","urlTemplate":"https:\/\/millbio.us\/en\/?s={search_term_string}"},"query-input":{"@type":"PropertyValueSpecification","valueRequired":true,"valueName":"search_term_string"}}],"inLanguage":"es"},{"@type":"Organization","@id":"https:\/\/millbio.us\/en\/#organization","name":"millbo srl","url":"https:\/\/millbio.us\/en\/","logo":{"@type":"ImageObject","inLanguage":"es","@id":"https:\/\/millbio.us\/en\/#\/schema\/logo\/image\/","url":"https:\/\/millbio.sg\/wp-content\/uploads\/sites\/4\/2023\/05\/logo_millbo.png","contentUrl":"https:\/\/millbio.sg\/wp-content\/uploads\/sites\/4\/2023\/05\/logo_millbo.png","width":310,"height":102,"caption":"Millbo srl"},"image":{"@id":"https:\/\/millbio.us\/en\/#\/schema\/logo\/image\/"},"sameAs":["https:\/\/www.instagram.com\/millbochannel"]}]}},"_links":{"self":[{"href":"https:\/\/millbio.us\/es\/wp-json\/wp\/v2\/pages\/500","targetHints":{"allow":["GET"]}}],"collection":[{"href":"https:\/\/millbio.us\/es\/wp-json\/wp\/v2\/pages"}],"about":[{"href":"https:\/\/millbio.us\/es\/wp-json\/wp\/v2\/types\/page"}],"author":[{"embeddable":true,"href":"https:\/\/millbio.us\/es\/wp-json\/wp\/v2\/users\/1"}],"replies":[{"embeddable":true,"href":"https:\/\/millbio.us\/es\/wp-json\/wp\/v2\/comments?post=500"}],"version-history":[{"count":227,"href":"https:\/\/millbio.us\/es\/wp-json\/wp\/v2\/pages\/500\/revisions"}],"predecessor-version":[{"id":2821,"href":"https:\/\/millbio.us\/es\/wp-json\/wp\/v2\/pages\/500\/revisions\/2821"}],"wp:attachment":[{"href":"https:\/\/millbio.us\/es\/wp-json\/wp\/v2\/media?parent=500"}],"curies":[{"name":"Gracias","href":"https:\/\/api.w.org\/{rel}","templated":true}]}}