{"id":832,"date":"2023-07-10T11:45:50","date_gmt":"2023-07-10T09:45:50","guid":{"rendered":"https:\/\/millbio.sg\/?page_id=832"},"modified":"2023-10-12T16:44:22","modified_gmt":"2023-10-12T14:44:22","slug":"nuestros-companeros","status":"publish","type":"page","link":"https:\/\/millbio.us\/es\/nuestros-companeros","title":{"rendered":"Nuestros compa\u00f1eros"},"content":{"rendered":"<div data-elementor-type=\"wp-page\" data-elementor-id=\"832\" class=\"elementor elementor-832\" data-elementor-post-type=\"page\">\n\t\t\t\t\t\t<section class=\"elementor-section elementor-top-section elementor-element elementor-element-3626a9a5 elementor-section-full_width elementor-section-height-min-height elementor-section-height-default elementor-section-items-middle\" data-id=\"3626a9a5\" data-element_type=\"section\" data-e-type=\"section\" data-settings=\"{&quot;background_background&quot;:&quot;classic&quot;}\">\n\t\t\t\t\t\t<div class=\"elementor-container elementor-column-gap-default\">\n\t\t\t\t\t<div class=\"elementor-column elementor-col-100 elementor-top-column elementor-element elementor-element-5a48dd30\" data-id=\"5a48dd30\" data-element_type=\"column\" data-e-type=\"column\">\n\t\t\t<div class=\"elementor-widget-wrap elementor-element-populated\">\n\t\t\t\t\t\t<div class=\"elementor-element elementor-element-4719087 elementor-invisible elementor-widget elementor-widget-text-editor\" data-id=\"4719087\" data-element_type=\"widget\" data-e-type=\"widget\" data-settings=\"{&quot;_animation&quot;:&quot;fadeInRight&quot;}\" data-widget_type=\"text-editor.default\">\n\t\t\t\t<div class=\"elementor-widget-container\">\n\t\t\t\t\t\t\t\t\t<div class=\"inner\"><div style=\"font-size: 1.6em; line-height: 1.1em;\">NUESTROS COMPA\u00d1EROS<\/div><p>\u201cHornemos\u201d buenas ideas<\/p><\/div>\t\t\t\t\t\t\t\t<\/div>\n\t\t\t\t<\/div>\n\t\t\t\t\t<\/div>\n\t\t<\/div>\n\t\t\t\t\t<\/div>\n\t\t<\/section>\n\t\t\t\t<section class=\"elementor-section elementor-top-section elementor-element elementor-element-b650255 elementor-section-full_width elementor-section-height-default elementor-section-height-default\" data-id=\"b650255\" data-element_type=\"section\" data-e-type=\"section\">\n\t\t\t\t\t\t<div class=\"elementor-container elementor-column-gap-no\">\n\t\t\t\t\t<div class=\"elementor-column elementor-col-100 elementor-top-column elementor-element elementor-element-7d4bfde\" data-id=\"7d4bfde\" data-element_type=\"column\" data-e-type=\"column\">\n\t\t\t<div class=\"elementor-widget-wrap elementor-element-populated\">\n\t\t\t\t\t\t<div class=\"elementor-element elementor-element-5cb3d87 elementor-widget elementor-widget-heading\" data-id=\"5cb3d87\" data-element_type=\"widget\" data-e-type=\"widget\" data-widget_type=\"heading.default\">\n\t\t\t\t<div class=\"elementor-widget-container\">\n\t\t\t\t\t<h2 class=\"elementor-heading-title elementor-size-default\">Por qu\u00e9 trabajamos con aquellos que comparten nuestra pasi\u00f3n por la calidad<\/h2>\t\t\t\t<\/div>\n\t\t\t\t<\/div>\n\t\t\t\t\t<\/div>\n\t\t<\/div>\n\t\t\t\t\t<\/div>\n\t\t<\/section>\n\t\t\t\t<section class=\"elementor-section elementor-top-section elementor-element elementor-element-632f787 elementor-section-full_width elementor-section-height-min-height elementor-section-height-default elementor-section-items-middle\" data-id=\"632f787\" data-element_type=\"section\" data-e-type=\"section\">\n\t\t\t\t\t\t<div class=\"elementor-container elementor-column-gap-no\">\n\t\t\t\t\t<div class=\"elementor-column elementor-col-66 elementor-top-column elementor-element elementor-element-1bc37af\" data-id=\"1bc37af\" data-element_type=\"column\" data-e-type=\"column\">\n\t\t\t<div class=\"elementor-widget-wrap elementor-element-populated\">\n\t\t\t\t\t\t<div class=\"elementor-element elementor-element-292df42 elementor-widget elementor-widget-text-editor\" data-id=\"292df42\" data-element_type=\"widget\" data-e-type=\"widget\" data-widget_type=\"text-editor.default\">\n\t\t\t\t<div class=\"elementor-widget-container\">\n\t\t\t\t\t\t\t\t\t<p>Consideramos que la investigaci\u00f3n es el ingrediente m\u00e1s b\u00e1sico de toda gran innovaci\u00f3n de producto. Por eso elegimos trabajar con expertos del sector alimentario, as\u00ed como con reconocidas fundaciones de investigaci\u00f3n cient\u00edfica.<\/p><p>En colaboraci\u00f3n con los expertos, analizamos conjuntamente las nuevas tendencias observadas en el mercado, con el fin de satisfacer y preservar las demandas de los consumidores.<\/p><p>Buscamos ese mismo nivel de calidad tambi\u00e9n a la hora de elegir socios. Millbio colabora con la Universidad del Gusto de Pollenzo, la Fundaci\u00f3n Veronesi, la Universidad de Novara (Uniupo) y Pav\u00eda, as\u00ed como con el Polit\u00e9cnico de Singapur.<\/p><p>Nuestro objetivo com\u00fan es una panader\u00eda de alta calidad, que est\u00e1 en constante evoluci\u00f3n.\u00a0<\/p>\t\t\t\t\t\t\t\t<\/div>\n\t\t\t\t<\/div>\n\t\t\t\t\t<\/div>\n\t\t<\/div>\n\t\t\t\t<div class=\"elementor-column elementor-col-33 elementor-top-column elementor-element elementor-element-279632a\" data-id=\"279632a\" data-element_type=\"column\" data-e-type=\"column\">\n\t\t\t<div class=\"elementor-widget-wrap elementor-element-populated\">\n\t\t\t\t\t\t<div class=\"elementor-element elementor-element-99803a5 elementor-widget elementor-widget-image\" data-id=\"99803a5\" data-element_type=\"widget\" data-e-type=\"widget\" data-widget_type=\"image.default\">\n\t\t\t\t<div class=\"elementor-widget-container\">\n\t\t\t\t\t\t\t\t\t\t\t\t\t\t\t<img fetchpriority=\"high\" decoding=\"async\" width=\"500\" height=\"500\" src=\"https:\/\/millbio.us\/wp-content\/uploads\/sites\/4\/2023\/08\/VERONESI-LOGO.png\" class=\"attachment-full size-full wp-image-1343\" alt=\"\" srcset=\"https:\/\/millbio.us\/wp-content\/uploads\/sites\/4\/2023\/08\/VERONESI-LOGO.png 500w, https:\/\/millbio.us\/wp-content\/uploads\/sites\/4\/2023\/08\/VERONESI-LOGO-300x300.png 300w, https:\/\/millbio.us\/wp-content\/uploads\/sites\/4\/2023\/08\/VERONESI-LOGO-150x150.png 150w, https:\/\/millbio.us\/wp-content\/uploads\/sites\/4\/2023\/08\/VERONESI-LOGO-12x12.png 12w\" sizes=\"(max-width: 500px) 100vw, 500px\" \/>\t\t\t\t\t\t\t\t\t\t\t\t\t\t\t<\/div>\n\t\t\t\t<\/div>\n\t\t\t\t<div class=\"elementor-element elementor-element-d4dc304 elementor-widget elementor-widget-image\" data-id=\"d4dc304\" data-element_type=\"widget\" data-e-type=\"widget\" data-widget_type=\"image.default\">\n\t\t\t\t<div class=\"elementor-widget-container\">\n\t\t\t\t\t\t\t\t\t\t\t\t\t\t\t<img decoding=\"async\" width=\"500\" height=\"500\" src=\"https:\/\/millbio.us\/wp-content\/uploads\/sites\/4\/2023\/08\/UNI-POLLENZO.png\" class=\"attachment-full size-full wp-image-1341\" alt=\"\" srcset=\"https:\/\/millbio.us\/wp-content\/uploads\/sites\/4\/2023\/08\/UNI-POLLENZO.png 500w, https:\/\/millbio.us\/wp-content\/uploads\/sites\/4\/2023\/08\/UNI-POLLENZO-300x300.png 300w, https:\/\/millbio.us\/wp-content\/uploads\/sites\/4\/2023\/08\/UNI-POLLENZO-150x150.png 150w, https:\/\/millbio.us\/wp-content\/uploads\/sites\/4\/2023\/08\/UNI-POLLENZO-12x12.png 12w\" sizes=\"(max-width: 500px) 100vw, 500px\" \/>\t\t\t\t\t\t\t\t\t\t\t\t\t\t\t<\/div>\n\t\t\t\t<\/div>\n\t\t\t\t<div class=\"elementor-element elementor-element-24bc8ff elementor-widget elementor-widget-image\" data-id=\"24bc8ff\" data-element_type=\"widget\" data-e-type=\"widget\" data-widget_type=\"image.default\">\n\t\t\t\t<div class=\"elementor-widget-container\">\n\t\t\t\t\t\t\t\t\t\t\t\t\t\t\t<img decoding=\"async\" width=\"500\" height=\"500\" src=\"https:\/\/millbio.us\/wp-content\/uploads\/sites\/4\/2023\/08\/LOGO-UNI-PAVIA.png\" class=\"attachment-full size-full wp-image-1340\" alt=\"\" srcset=\"https:\/\/millbio.us\/wp-content\/uploads\/sites\/4\/2023\/08\/LOGO-UNI-PAVIA.png 500w, https:\/\/millbio.us\/wp-content\/uploads\/sites\/4\/2023\/08\/LOGO-UNI-PAVIA-300x300.png 300w, https:\/\/millbio.us\/wp-content\/uploads\/sites\/4\/2023\/08\/LOGO-UNI-PAVIA-150x150.png 150w, https:\/\/millbio.us\/wp-content\/uploads\/sites\/4\/2023\/08\/LOGO-UNI-PAVIA-12x12.png 12w\" sizes=\"(max-width: 500px) 100vw, 500px\" \/>\t\t\t\t\t\t\t\t\t\t\t\t\t\t\t<\/div>\n\t\t\t\t<\/div>\n\t\t\t\t<div class=\"elementor-element elementor-element-39bc8b2 elementor-widget elementor-widget-image\" data-id=\"39bc8b2\" data-element_type=\"widget\" data-e-type=\"widget\" data-widget_type=\"image.default\">\n\t\t\t\t<div class=\"elementor-widget-container\">\n\t\t\t\t\t\t\t\t\t\t\t\t\t\t\t<img loading=\"lazy\" decoding=\"async\" width=\"500\" height=\"500\" src=\"https:\/\/millbio.us\/wp-content\/uploads\/sites\/4\/2023\/08\/UPO-LOGO.png\" class=\"attachment-full size-full wp-image-1342\" alt=\"\" srcset=\"https:\/\/millbio.us\/wp-content\/uploads\/sites\/4\/2023\/08\/UPO-LOGO.png 500w, https:\/\/millbio.us\/wp-content\/uploads\/sites\/4\/2023\/08\/UPO-LOGO-300x300.png 300w, https:\/\/millbio.us\/wp-content\/uploads\/sites\/4\/2023\/08\/UPO-LOGO-150x150.png 150w, https:\/\/millbio.us\/wp-content\/uploads\/sites\/4\/2023\/08\/UPO-LOGO-12x12.png 12w\" sizes=\"(max-width: 500px) 100vw, 500px\" \/>\t\t\t\t\t\t\t\t\t\t\t\t\t\t\t<\/div>\n\t\t\t\t<\/div>\n\t\t\t\t\t<\/div>\n\t\t<\/div>\n\t\t\t\t\t<\/div>\n\t\t<\/section>\n\t\t\t\t<\/div>","protected":false},"excerpt":{"rendered":"<p>OUR PARTNERS Let&#8217;s &#8220;bake&#8221; good ideas Why we work with those who share our passion for quality\u200b We see research as the most basic ingredient for every great product innovation. This is why we choose to work with experts in the food sector as well as with renowned scientific research foundations. In conjunction with the [&hellip;]<\/p>\n","protected":false},"author":1,"featured_media":0,"parent":0,"menu_order":0,"comment_status":"closed","ping_status":"closed","template":"","meta":{"footnotes":""},"class_list":["post-832","page","type-page","status-publish","hentry"],"yoast_head":"<!-- This site is optimized with the Yoast SEO plugin v27.3 - https:\/\/yoast.com\/product\/yoast-seo-wordpress\/ -->\n<title>Our Partners - Millbio US<\/title>\n<meta name=\"robots\" content=\"index, follow, max-snippet:-1, max-image-preview:large, max-video-preview:-1\" \/>\n<link rel=\"canonical\" href=\"https:\/\/millbio.us\/es\/nuestros-companeros\" \/>\n<meta property=\"og:locale\" content=\"es_ES\" \/>\n<meta property=\"og:type\" content=\"article\" \/>\n<meta property=\"og:title\" content=\"Our Partners - Millbio US\" \/>\n<meta property=\"og:description\" content=\"OUR PARTNERS Let&#8217;s &#8220;bake&#8221; good ideas Why we work with those who share our passion for quality\u200b We see research as the most basic ingredient for every great product innovation. This is why we choose to work with experts in the food sector as well as with renowned scientific research foundations. In conjunction with the [&hellip;]\" \/>\n<meta property=\"og:url\" content=\"https:\/\/millbio.us\/es\/nuestros-companeros\" \/>\n<meta property=\"og:site_name\" content=\"Millbio US\" \/>\n<meta property=\"article:modified_time\" content=\"2023-10-12T14:44:22+00:00\" \/>\n<meta property=\"og:image\" content=\"https:\/\/millbio.sg\/wp-content\/uploads\/sites\/4\/2023\/08\/VERONESI-LOGO.png\" \/>\n<meta name=\"twitter:card\" content=\"summary_large_image\" \/>\n<meta name=\"twitter:label1\" content=\"Tiempo de lectura\" \/>\n\t<meta name=\"twitter:data1\" content=\"2 minutos\" \/>\n<script type=\"application\/ld+json\" class=\"yoast-schema-graph\">{\"@context\":\"https:\\\/\\\/schema.org\",\"@graph\":[{\"@type\":\"WebPage\",\"@id\":\"https:\\\/\\\/millbio.us\\\/our-partners\",\"url\":\"https:\\\/\\\/millbio.us\\\/our-partners\",\"name\":\"Our Partners - Millbio US\",\"isPartOf\":{\"@id\":\"https:\\\/\\\/millbio.us\\\/en\\\/#website\"},\"primaryImageOfPage\":{\"@id\":\"https:\\\/\\\/millbio.us\\\/our-partners#primaryimage\"},\"image\":{\"@id\":\"https:\\\/\\\/millbio.us\\\/our-partners#primaryimage\"},\"thumbnailUrl\":\"https:\\\/\\\/millbio.sg\\\/wp-content\\\/uploads\\\/sites\\\/4\\\/2023\\\/08\\\/VERONESI-LOGO.png\",\"datePublished\":\"2023-07-10T09:45:50+00:00\",\"dateModified\":\"2023-10-12T14:44:22+00:00\",\"breadcrumb\":{\"@id\":\"https:\\\/\\\/millbio.us\\\/our-partners#breadcrumb\"},\"inLanguage\":\"es\",\"potentialAction\":[{\"@type\":\"ReadAction\",\"target\":[\"https:\\\/\\\/millbio.us\\\/our-partners\"]}]},{\"@type\":\"ImageObject\",\"inLanguage\":\"es\",\"@id\":\"https:\\\/\\\/millbio.us\\\/our-partners#primaryimage\",\"url\":\"https:\\\/\\\/millbio.sg\\\/wp-content\\\/uploads\\\/sites\\\/4\\\/2023\\\/08\\\/VERONESI-LOGO.png\",\"contentUrl\":\"https:\\\/\\\/millbio.sg\\\/wp-content\\\/uploads\\\/sites\\\/4\\\/2023\\\/08\\\/VERONESI-LOGO.png\"},{\"@type\":\"BreadcrumbList\",\"@id\":\"https:\\\/\\\/millbio.us\\\/our-partners#breadcrumb\",\"itemListElement\":[{\"@type\":\"ListItem\",\"position\":1,\"name\":\"Home\",\"item\":\"https:\\\/\\\/millbio.us\\\/en\\\/\"},{\"@type\":\"ListItem\",\"position\":2,\"name\":\"Our Partners\"}]},{\"@type\":\"WebSite\",\"@id\":\"https:\\\/\\\/millbio.us\\\/en\\\/#website\",\"url\":\"https:\\\/\\\/millbio.us\\\/en\\\/\",\"name\":\"Millbio US\",\"description\":\"Natural solution for contemporary baking\",\"publisher\":{\"@id\":\"https:\\\/\\\/millbio.us\\\/en\\\/#organization\"},\"potentialAction\":[{\"@type\":\"SearchAction\",\"target\":{\"@type\":\"EntryPoint\",\"urlTemplate\":\"https:\\\/\\\/millbio.us\\\/en\\\/?s={search_term_string}\"},\"query-input\":{\"@type\":\"PropertyValueSpecification\",\"valueRequired\":true,\"valueName\":\"search_term_string\"}}],\"inLanguage\":\"es\"},{\"@type\":\"Organization\",\"@id\":\"https:\\\/\\\/millbio.us\\\/en\\\/#organization\",\"name\":\"Millbo srl\",\"url\":\"https:\\\/\\\/millbio.us\\\/en\\\/\",\"logo\":{\"@type\":\"ImageObject\",\"inLanguage\":\"es\",\"@id\":\"https:\\\/\\\/millbio.us\\\/en\\\/#\\\/schema\\\/logo\\\/image\\\/\",\"url\":\"https:\\\/\\\/millbio.sg\\\/wp-content\\\/uploads\\\/sites\\\/4\\\/2023\\\/05\\\/logo_millbo.png\",\"contentUrl\":\"https:\\\/\\\/millbio.sg\\\/wp-content\\\/uploads\\\/sites\\\/4\\\/2023\\\/05\\\/logo_millbo.png\",\"width\":310,\"height\":102,\"caption\":\"Millbo srl\"},\"image\":{\"@id\":\"https:\\\/\\\/millbio.us\\\/en\\\/#\\\/schema\\\/logo\\\/image\\\/\"},\"sameAs\":[\"https:\\\/\\\/www.instagram.com\\\/millbochannel\"]}]}<\/script>\n<!-- \/ Yoast SEO plugin. -->","yoast_head_json":{"title":"Nuestros socios - Millbio US","robots":{"index":"index","follow":"follow","max-snippet":"max-snippet:-1","max-image-preview":"max-image-preview:large","max-video-preview":"max-video-preview:-1"},"canonical":"https:\/\/millbio.us\/es\/nuestros-companeros","og_locale":"es_ES","og_type":"article","og_title":"Our Partners - Millbio US","og_description":"OUR PARTNERS Let&#8217;s &#8220;bake&#8221; good ideas Why we work with those who share our passion for quality\u200b We see research as the most basic ingredient for every great product innovation. This is why we choose to work with experts in the food sector as well as with renowned scientific research foundations. In conjunction with the [&hellip;]","og_url":"https:\/\/millbio.us\/es\/nuestros-companeros","og_site_name":"Millbio US","article_modified_time":"2023-10-12T14:44:22+00:00","og_image":[{"url":"https:\/\/millbio.sg\/wp-content\/uploads\/sites\/4\/2023\/08\/VERONESI-LOGO.png","type":"","width":"","height":""}],"twitter_card":"summary_large_image","twitter_misc":{"Tiempo de lectura":"2 minutos"},"schema":{"@context":"https:\/\/schema.org","@graph":[{"@type":"WebPage","@id":"https:\/\/millbio.us\/our-partners","url":"https:\/\/millbio.us\/our-partners","name":"Nuestros socios - Millbio US","isPartOf":{"@id":"https:\/\/millbio.us\/en\/#website"},"primaryImageOfPage":{"@id":"https:\/\/millbio.us\/our-partners#primaryimage"},"image":{"@id":"https:\/\/millbio.us\/our-partners#primaryimage"},"thumbnailUrl":"https:\/\/millbio.sg\/wp-content\/uploads\/sites\/4\/2023\/08\/VERONESI-LOGO.png","datePublished":"2023-07-10T09:45:50+00:00","dateModified":"2023-10-12T14:44:22+00:00","breadcrumb":{"@id":"https:\/\/millbio.us\/our-partners#breadcrumb"},"inLanguage":"es","potentialAction":[{"@type":"ReadAction","target":["https:\/\/millbio.us\/our-partners"]}]},{"@type":"ImageObject","inLanguage":"es","@id":"https:\/\/millbio.us\/our-partners#primaryimage","url":"https:\/\/millbio.sg\/wp-content\/uploads\/sites\/4\/2023\/08\/VERONESI-LOGO.png","contentUrl":"https:\/\/millbio.sg\/wp-content\/uploads\/sites\/4\/2023\/08\/VERONESI-LOGO.png"},{"@type":"BreadcrumbList","@id":"https:\/\/millbio.us\/our-partners#breadcrumb","itemListElement":[{"@type":"ListItem","position":1,"name":"Home","item":"https:\/\/millbio.us\/en\/"},{"@type":"ListItem","position":2,"name":"Our Partners"}]},{"@type":"WebSite","@id":"https:\/\/millbio.us\/en\/#website","url":"https:\/\/millbio.us\/en\/","name":"Millbio Estados Unidos","description":"Soluci\u00f3n natural para la reposter\u00eda contempor\u00e1nea","publisher":{"@id":"https:\/\/millbio.us\/en\/#organization"},"potentialAction":[{"@type":"SearchAction","target":{"@type":"EntryPoint","urlTemplate":"https:\/\/millbio.us\/en\/?s={search_term_string}"},"query-input":{"@type":"PropertyValueSpecification","valueRequired":true,"valueName":"search_term_string"}}],"inLanguage":"es"},{"@type":"Organization","@id":"https:\/\/millbio.us\/en\/#organization","name":"millbo srl","url":"https:\/\/millbio.us\/en\/","logo":{"@type":"ImageObject","inLanguage":"es","@id":"https:\/\/millbio.us\/en\/#\/schema\/logo\/image\/","url":"https:\/\/millbio.sg\/wp-content\/uploads\/sites\/4\/2023\/05\/logo_millbo.png","contentUrl":"https:\/\/millbio.sg\/wp-content\/uploads\/sites\/4\/2023\/05\/logo_millbo.png","width":310,"height":102,"caption":"Millbo srl"},"image":{"@id":"https:\/\/millbio.us\/en\/#\/schema\/logo\/image\/"},"sameAs":["https:\/\/www.instagram.com\/millbochannel"]}]}},"_links":{"self":[{"href":"https:\/\/millbio.us\/es\/wp-json\/wp\/v2\/pages\/832","targetHints":{"allow":["GET"]}}],"collection":[{"href":"https:\/\/millbio.us\/es\/wp-json\/wp\/v2\/pages"}],"about":[{"href":"https:\/\/millbio.us\/es\/wp-json\/wp\/v2\/types\/page"}],"author":[{"embeddable":true,"href":"https:\/\/millbio.us\/es\/wp-json\/wp\/v2\/users\/1"}],"replies":[{"embeddable":true,"href":"https:\/\/millbio.us\/es\/wp-json\/wp\/v2\/comments?post=832"}],"version-history":[{"count":56,"href":"https:\/\/millbio.us\/es\/wp-json\/wp\/v2\/pages\/832\/revisions"}],"predecessor-version":[{"id":2631,"href":"https:\/\/millbio.us\/es\/wp-json\/wp\/v2\/pages\/832\/revisions\/2631"}],"wp:attachment":[{"href":"https:\/\/millbio.us\/es\/wp-json\/wp\/v2\/media?parent=832"}],"curies":[{"name":"Gracias","href":"https:\/\/api.w.org\/{rel}","templated":true}]}}